{"id":9638,"date":"2026-03-31T11:33:21","date_gmt":"2026-03-31T18:33:21","guid":{"rendered":"https:\/\/conslosangeles.esteri.it\/?page_id=9638"},"modified":"2026-03-31T11:33:21","modified_gmt":"2026-03-31T18:33:21","slug":"rampla-regional-alliance-marketplace-for-procurement","status":"publish","type":"page","link":"https:\/\/conslosangeles.esteri.it\/it\/italia-e-usa\/diplomazia-economica\/fare-affari-in-usa\/rampla-regional-alliance-marketplace-for-procurement\/","title":{"rendered":"RAMPLA \u2013 Regional Alliance Marketplace for Procurement"},"content":{"rendered":"<p style=\"text-align: center;\"><strong>La porta d\u2019accesso alle opportunit\u00e0 di appalto a Los Angeles, oggi e in vista delle Olimpiadi 2028<\/strong><\/p>\n<p><strong>RAMPLA<\/strong> \u00e8 la piattaforma ufficiale che centralizza le opportunit\u00e0 di appalto <strong>pubbliche e private<\/strong> nell\u2019area di Los Angeles, mettendo in collegamento le imprese con la Citt\u00e0 di Los Angeles e numerosi enti e organizzazioni regionali.<\/p>\n<p>Attraverso <strong>RAMPLA (<\/strong><a href=\"http:\/\/www.rampla.org\"><strong>www.rampla.org<\/strong><\/a><strong>)<\/strong>, le aziende possono consultare un elenco costantemente aggiornato di <strong>gare aperte<\/strong>, accedere a dati pubblici sul mercato regionale degli appalti e partecipare in modo semplice, trasparente ed efficiente ai processi di procurement.<\/p>\n<p><strong>Un\u2019opportunit\u00e0 strategica per le imprese italiane<\/strong><\/p>\n<p>In un contesto di <strong>significativi investimenti pubblici<\/strong>, ulteriormente rafforzati dai <strong>preparativi per i Giochi Olimpici e Paralimpici di Los Angeles 2028<\/strong>, RAMPLA rappresenta uno strumento fondamentale per intercettare opportunit\u00e0 legate a:<\/p>\n<ul>\n<li>infrastrutture e opere pubbliche<\/li>\n<li>servizi, forniture e innovazione<\/li>\n<li>sostenibilit\u00e0, mobilit\u00e0 e rigenerazione urbana<\/li>\n<li>eventi, logistica e servizi correlati<\/li>\n<\/ul>\n<p>RAMPLA ha come obiettivo prioritario:<\/p>\n<ul>\n<li>promuovere l\u2019accesso alle gare per <strong>piccole e medie imprese<\/strong><\/li>\n<li>valorizzare le <strong>imprese appartenenti a categorie sottorappresentate<\/strong><\/li>\n<li>semplificare l\u2019interazione tra aziende, amministrazioni pubbliche ed enti regionali<\/li>\n<\/ul>\n<p>Per le <strong>imprese italiane gi\u00e0 presenti o interessate a operare nel mercato di Los Angeles<\/strong>, RAMPLA costituisce un canale privilegiato per:<\/p>\n<ul>\n<li>posizionarsi in anticipo sui progetti strategici legati a LA 2028<\/li>\n<li>partecipare a gare pubbliche e private in modo strutturato<\/li>\n<li>sviluppare partnership locali e internazionali<\/li>\n<\/ul>\n<p><strong>Accesso gratuito<\/strong><\/p>\n<ul>\n<li>Registrazione <strong>completamente gratuita<\/strong><\/li>\n<li>Piattaforma aperta e trasparente<\/li>\n<li>Accesso pubblico ai dati del mercato regionale degli appalti<\/li>\n<\/ul>\n<p><strong>Registrati su <\/strong><a href=\"http:\/\/www.rampla.org\"><strong>www.rampla.org<\/strong><\/a> e preparati a cogliere le opportunit\u00e0 di Los Angeles verso il 2028.<\/p>\n<p><strong>Codici NAICS: cosa sono e perch\u00e9 sono fondamentali<\/strong><\/p>\n<p>Se sei gi\u00e0 registrato, assicurati che il profilo della tua azienda includa i codici <strong>NAICS (North American Industry Classification System)<\/strong> appropriati, che descrivono in modo standardizzato le attivit\u00e0 economiche svolte.<\/p>\n<p>I codici NAICS sono utilizzati negli Stati Uniti, in Canada e in Messico per classificare le imprese per settore. Nel contesto degli appalti, svolgono un ruolo cruciale perch\u00e9:<\/p>\n<ul>\n<li>permettono alle piattaforme come RAMPLA di <strong>associare le opportunit\u00e0 alle aziende rilevanti<\/strong><\/li>\n<li>consentono di ricevere <strong>notifiche mirate sulle gare<\/strong><\/li>\n<li>aiutano le amministrazioni a <strong>identificare fornitori qualificati<\/strong><\/li>\n<li>determinano in alcuni casi i <strong>requisiti dimensionali e di eleggibilit\u00e0<\/strong> per le gare<\/li>\n<\/ul>\n<p>Senza codici NAICS corretti, la tua azienda potrebbe <strong>non essere inclusa nelle comunicazioni relative alle opportunit\u00e0 pertinenti<\/strong>.<\/p>\n<p>Su RAMPLA \u00e8 possibile inserire <strong>fino a nove codici NAICS<\/strong>, selezionando quelli che rappresentano al meglio i propri prodotti o servizi.<\/p>\n<p><strong>Registrazione<\/strong><\/p>\n<p>Registrati qui:<br \/>\n<a href=\"https:\/\/www.rampla.org\/s\/\">https:\/\/www.rampla.org\/s\/<\/a><\/p>\n<p>&nbsp;<\/p>\n","protected":false},"excerpt":{"rendered":"La porta d\u2019accesso alle opportunit\u00e0 di appalto a Los Angeles, oggi e in vista delle Olimpiadi 2028 RAMPLA \u00e8 la piattaforma ufficiale che centralizza le opportunit\u00e0 di appalto pubbliche e private nell\u2019area di Los Angeles, mettendo in collegamento le imprese con la Citt\u00e0 di Los Angeles e numerosi enti e organizzazioni regionali. Attraverso RAMPLA (www.rampla.org), [&hellip;]","protected":false},"author":3,"featured_media":0,"parent":63,"menu_order":6,"comment_status":"closed","ping_status":"closed","template":"","meta":{"footnotes":""},"class_list":["post-9638","page","type-page","status-publish","hentry"],"_links":{"self":[{"href":"https:\/\/conslosangeles.esteri.it\/it\/wp-json\/wp\/v2\/pages\/9638","targetHints":{"allow":["GET"]}}],"collection":[{"href":"https:\/\/conslosangeles.esteri.it\/it\/wp-json\/wp\/v2\/pages"}],"about":[{"href":"https:\/\/conslosangeles.esteri.it\/it\/wp-json\/wp\/v2\/types\/page"}],"author":[{"embeddable":true,"href":"https:\/\/conslosangeles.esteri.it\/it\/wp-json\/wp\/v2\/users\/3"}],"replies":[{"embeddable":true,"href":"https:\/\/conslosangeles.esteri.it\/it\/wp-json\/wp\/v2\/comments?post=9638"}],"version-history":[{"count":1,"href":"https:\/\/conslosangeles.esteri.it\/it\/wp-json\/wp\/v2\/pages\/9638\/revisions"}],"predecessor-version":[{"id":9640,"href":"https:\/\/conslosangeles.esteri.it\/it\/wp-json\/wp\/v2\/pages\/9638\/revisions\/9640"}],"up":[{"embeddable":true,"href":"https:\/\/conslosangeles.esteri.it\/it\/wp-json\/wp\/v2\/pages\/63"}],"wp:attachment":[{"href":"https:\/\/conslosangeles.esteri.it\/it\/wp-json\/wp\/v2\/media?parent=9638"}],"curies":[{"name":"wp","href":"https:\/\/api.w.org\/{rel}","templated":true}]}}