{"id":95,"date":"2023-04-03T19:30:48","date_gmt":"2023-04-03T17:30:48","guid":{"rendered":"https:\/\/consolatozurigo.esteri.it\/?page_id=95"},"modified":"2024-02-02T03:52:09","modified_gmt":"2024-02-02T10:52:09","slug":"visti","status":"publish","type":"page","link":"https:\/\/conslosangeles.esteri.it\/it\/servizi-consolari-e-visti\/servizi-per-il-cittadino-straniero\/visti\/","title":{"rendered":"Visti"},"content":{"rendered":"<div class=\"boxLevel03\">\n<p>E-mail: <a href=\"mailto:visti.losangeles@esteri.it\">visti.losangeles@esteri.it<\/a><\/p>\n<p>Per fissare un appuntamento si prega di registrarsi e prenotare un appuntamento sul nostro portale online <strong><u>PRENOT@MI<\/u><\/strong>. Il servizio di prenotazione online \u00e8 gratuito.<\/p>\n<p><strong>Giurisdizione territoriale:<\/strong> Il Consolato Generale d&#8217;Italia a Los Angeles accetter\u00e0 domande di visto solo da residenti legalmente in ARIZONA, NUOVO MESSICO, NEVADA e delle seguenti contee dello stato della CALIFORNIA: San Luis Obispo, Kern, San Bernardino, Santa Barbara, Ventura, Los Angeles, Riverside, San Diego, Imperial Valley, Orange.<\/p>\n<p>Si prega di portare come prova di residenza una patente di guida o di un documento d&#8217;identit\u00e0 validi e originali rilasciati nella nostra giurisdizione territoriale e 2 copie dello\/degli stessi. Se vi siete trasferiti e non avete aggiornato la vostra patente di guida o la vostra carta d&#8217;identit\u00e0 statale dalla California, Arizona, Nevada o Nuovo Messico, dovrete presentare una bolletta attuale di acqua, gas o elettricit\u00e0. Eventualmente, vi verranno richiesti documenti aggiuntivi come prova di residenza.<\/p>\n<p>I residenti in questa giurisdizione consolare che desiderano recarsi in Italia, potrebbero aver bisogno di un visto rilasciato da questo Consolato.<\/p>\n<p>Si prega di seguire passo per passo la procedura di richiesta di visto allegata al seguente link:<\/p>\n<p><a href=\"https:\/\/vistoperitalia.esteri.it\/home\/it\">https:\/\/vistoperitalia.esteri.it\/home\/it<\/a><\/p>\n<p><strong>MODALIT\u00c0 DI PAGAMENTO<\/strong>: Vaglia postale o Assegno circolare (al Consolato Generale d&#8217;Italia). Il pagamento in contanti sar\u00e0 accettato solo previa autorizzazione, per motivi eccezionali dovuti all&#8217;impossibilit\u00e0 di acquisire le modalit\u00e0 di pagamento richieste. <u>Clicca Qui Per Le Commissioni Di Gestione Del Visto<\/u>.<\/p>\n<p>&nbsp;<\/p>\n<p><strong>TIPI DI VISTI:<\/strong><\/p>\n<p><strong>VISTO SCHENGEN:<\/strong><\/p>\n<p>Il Visto Schengen \u00e8 uno dei visti rilasciati da questo Consolato, con validit\u00e0 massima di 90 giorni, che consente al titolare del visto di viaggiare in tutti i 27 Paesi europei che hanno firmato l&#8217;accordo di Schengen, ovvero: Austria, Belgio, Repubblica Ceca, Croazia, Danimarca, Estonia, Finlandia, Francia, Germania, Grecia, Ungheria, Islanda, Italia, Lettonia, Liechtenstein, Lituania, Lussemburgo, Malta, Paesi Bassi, Norvegia, Polonia, Portogallo, Slovacchia, Slovenia, Spagna, Svezia, Svizzera.<\/p>\n<p>Se il richiedente intende visitare uno o pi\u00f9 Paesi Schengen nel corso di un unico viaggio, egli dovr\u00e0 richiedere il visto presso il Consolato del Paese che sar\u00e0 la <strong>destinazione principale<\/strong> (ovvero dove soggiorner\u00e0 pi\u00f9 a lungo). Se nel corso del viaggio trascorrer\u00e0 lo stesso periodo di tempo in Paesi diversi, il visto DEVE essere richiesto presso il Consolato del Paese Schengen di ingresso.<\/p>\n<p>I richiedenti del visto Schengen dovranno fornire le loro impronte digitali. Sono esenti da tale obbligo i bambini di et\u00e0 inferiore ai 12 anni. I dati verranno registrati nella banca dati centrale del VIS, in conformit\u00e0 con i pi\u00f9 elevati standard di protezione dei dati, per un massimo di 59 mesi, durante questo periodo verranno copiati dalla banca dati del VIS per le successive richieste di visto.<\/p>\n<p>Si prega di tener presente che le autorit\u00e0 di frontiera potranno rifiutare l&#8217;ingresso di un cittadino straniero che non soddisfa tutti i requisiti.<\/p>\n<p>&nbsp;<\/p>\n<p><strong>VISTI NAZIONALI:<\/strong><\/p>\n<p>Il Visto Nazionale \u00e8 un visto di lunga durata (di oltre 90 giorni) rilasciato\u00a0 dal Consolato Italiano per vari scopi (residenza elettiva, lavoro, studio, ricongiungimento familiare, missione diplomatica o militare, adozione, ecc.). Questa tipologia di visto consente al cittadino straniero, in attesa di permesso di soggiorno in Italia, di circolare liberamente all&#8217;interno di qualsiasi altro Paese Schengen fino ad un massimo di 90 giorni entro 6 mesi dalla data di inizio validit\u00e0 del visto. Il cittadino straniero a cui \u00e8 stato concesso il visto nazionale italiano deve presentarsi alla Questura entro 8 giorni lavorativi dalla data di ingresso per richiedere il permesso di soggiorno. Tenete presente che la mancata presentazione alla Questura potrebbe compromettere la vostra capacit\u00e0 di soggiornare legalmente in Italia.<\/p>\n<\/div>\n","protected":false},"excerpt":{"rendered":"E-mail: visti.losangeles@esteri.it Per fissare un appuntamento si prega di registrarsi e prenotare un appuntamento sul nostro portale online PRENOT@MI. Il servizio di prenotazione online \u00e8 gratuito. Giurisdizione territoriale: Il Consolato Generale d&#8217;Italia a Los Angeles accetter\u00e0 domande di visto solo da residenti legalmente in ARIZONA, NUOVO MESSICO, NEVADA e delle seguenti contee dello stato della [&hellip;]","protected":false},"author":1,"featured_media":0,"parent":62,"menu_order":0,"comment_status":"closed","ping_status":"closed","template":"","meta":{"footnotes":""},"class_list":["post-95","page","type-page","status-publish","hentry"],"_links":{"self":[{"href":"https:\/\/conslosangeles.esteri.it\/it\/wp-json\/wp\/v2\/pages\/95","targetHints":{"allow":["GET"]}}],"collection":[{"href":"https:\/\/conslosangeles.esteri.it\/it\/wp-json\/wp\/v2\/pages"}],"about":[{"href":"https:\/\/conslosangeles.esteri.it\/it\/wp-json\/wp\/v2\/types\/page"}],"author":[{"embeddable":true,"href":"https:\/\/conslosangeles.esteri.it\/it\/wp-json\/wp\/v2\/users\/1"}],"replies":[{"embeddable":true,"href":"https:\/\/conslosangeles.esteri.it\/it\/wp-json\/wp\/v2\/comments?post=95"}],"version-history":[{"count":1,"href":"https:\/\/conslosangeles.esteri.it\/it\/wp-json\/wp\/v2\/pages\/95\/revisions"}],"predecessor-version":[{"id":5261,"href":"https:\/\/conslosangeles.esteri.it\/it\/wp-json\/wp\/v2\/pages\/95\/revisions\/5261"}],"up":[{"embeddable":true,"href":"https:\/\/conslosangeles.esteri.it\/it\/wp-json\/wp\/v2\/pages\/62"}],"wp:attachment":[{"href":"https:\/\/conslosangeles.esteri.it\/it\/wp-json\/wp\/v2\/media?parent=95"}],"curies":[{"name":"wp","href":"https:\/\/api.w.org\/{rel}","templated":true}]}}