{"id":93,"date":"2023-04-03T19:30:19","date_gmt":"2023-04-03T17:30:19","guid":{"rendered":"https:\/\/consolatozurigo.esteri.it\/?page_id=93"},"modified":"2023-09-22T12:52:17","modified_gmt":"2023-09-22T19:52:17","slug":"pensioni-e-sicurezza-sociale","status":"publish","type":"page","link":"https:\/\/conslosangeles.esteri.it\/it\/servizi-consolari-e-visti\/servizi-per-il-cittadino-italiano\/pensioni-e-sicurezza-sociale\/","title":{"rendered":"Pensioni e sicurezza sociale"},"content":{"rendered":"<p>Ufficio Assistenza<br \/>\nEmail:\u00a0<a href=\"mailto:assistenza.losangeles@esteri.it\">assistenza.losangeles@esteri.it<\/a><\/p>\n<p><strong>L&#8217;UFFICIO ASSISTENZA<\/strong><br \/>\nL&#8217;Ufficio Servizi Sociali\/Assistenza fornisce informazioni sul sistema pensionistico italiano e rilascia i\u00a0<a href=\"https:\/\/conslosangeles.esteri.it\/wp-content\/uploads\/2023\/07\/certificato__di__esistenza__in__vita.pdf\">certificati di esistenza<\/a> in vita\u00a0per coloro che gi\u00e0 ricevono una pensione.<\/p>\n<p>Per avere diritto ad una pensione bisogna avere l\u2019et\u00e0 richiesta dalla legge e il numero sufficiente di contributi.<\/p>\n<p>Coloro che hanno lavorato in Italia ma che non hanno raggiunto il numero sufficiente di contributi possono fare domanda per una pensione pro-rata secondo i termini dell\u2019accordo di sicurezza sociale vigente tra gli USA e l\u2019Italia, cumulando cos\u00ec i contributi versati in Italia con quelli versati negli USA.<\/p>\n<p>I coniugi superstiti di coloro che percepivano una pensione possono avere diritto ad una pensione di reversibilit\u00e0. Gli interessati a questo tipo di pensione devono presentare il certificato di morte del coniuge e quello di matrimonio.<\/p>\n<p>Le domande di pensione devono essere presenate tramite i Patronati.<\/p>\n<p><strong>Le principali norme in materia pensionistica.<\/strong><\/p>\n<p>1.<strong>\u00a0PENSIONE DI VECCHIAIA:\u00a0<\/strong>(A)\u00a0pensione che si raggiunge con i 66 anni ed 11 mesi, uomini e donne, ed il versamento di 20 anni di contributi;\u00a0(B)\u00a0la\u00a0pensione Quota 100 che si ottiene al compimento di 62 anni ed almeno 38 anni di contributi, sia per uomini che per le donne.<\/p>\n<p>2.\u00a0<strong>ASSEGNO ORDINARIO DI INVALIDIT\u00c0<\/strong>: l&#8217;assegno ordinario di invalidit\u00e0 spetta al lavoratore la cui capacit\u00e0 di lavoro, in occupazioni confacenti alle sue qualifiche professionali, sia ridotta in modo permanente a causa di infermit\u00e0 o di difetto fisico o mentale a meno di un terzo. Per avere diritto all\u2019assegno, il lavoratore deve avere 5 anni di assicurazione e di contribuzione: di questi ultimi almeno 3 anni devono essere stati versati nei 5 anni antecedenti alla domanda di assicurazione.<\/p>\n<p>L&#8217;assegno \u00e8 riconosciuto per la durata di 3 anni e pu\u00f2 essere confermato previa revisione da parte dell\u2019INPS su domanda dell\u2019interessato per periodi della stessa durata. Dopo 3 riconoscimenti successivi, l&#8217;assegno viene confermato in via definitiva. L&#8217;assegno ordinario di invalidit\u00e0 non \u00e8 reversibile ai superstiti.<\/p>\n<p>3.\u00a0<strong>PENSIONE ORDINARIA DI INVALIDIT\u00c0<\/strong>: la pensione ordinaria di invalidit\u00e0 spetta all&#8217;assicurato che a causa di infermit\u00e0 o di difetto fisico o mentale si trovi nell&#8217;impossibilit\u00e0 di svolgere qualsiasi attivit\u00e0 lavorativa. Per avere diritto alla pensione, l&#8217;assicurato deve poter far valere 5 anni di assicurazione e 5 anni di contribuzione; di questi ultimi almeno 3 anni devono essere stati versati nei 5 anni antecedenti la domanda di assicurazione. La pensione \u00e8 costituita dall&#8217;importo dell&#8217;assegno di invalidit\u00e0 e da una maggiorazione calcolata in base ai contributi che il lavoratore avrebbe maturato se avesse potuto continuare a lavorare fino al compimento dell&#8217;et\u00e0 pensionabile.<\/p>\n<p>4.\u00a0<strong>PENSIONE AI SUPERSTITI<\/strong>: la pensione ai superstiti spetta ai familiari del lavoratore deceduto ed assume la denominazione di &#8220;pensione di reversibilit\u00e0&#8221;, se il lavoratore defunto era titolare di pensione diretta e di &#8220;pensione indiretta&#8221; se il lavoratore defunto non era titolare di pensione diretta, ma al momento della morte, possedeva i requisiti assicurativi e contributivi previsti per ottenere l\u2019assegno ordinario di invalidit\u00e0 o la pensione di invalidit\u00e0.<br \/>\nI familiari che hanno diritto alla pensione sono:<br \/>\n&#8211; il coniuge e i figli che alla data della morte del lavoratore siano minori, studenti o inabili;<br \/>\n&#8211; i genitori che alla data della morte del lavoratore abbiano compiuto 65 anni, non siano titolari di pensione e siano a carico del deceduto;<br \/>\n&#8211; (in assenza di tali beneficiari) fratelli celibi e sorelle nubili che alla data della morte del lavoratore siano inabili, non siano titolari di pensione diretta o indiretta e siano a carico del deceduto.<\/p>\n<p>5.\u00a0<strong>PENSIONE SOCIALE<\/strong>: la pensione sociale viene concessa ai cittadini ultrasessantacinquenni residenti abitualmente nel territorio nazionale privi di qualsiasi forma di tutela assicurativa e i cui redditi, compresi quelli del coniuge, siano inferiori a quelli stabiliti dalla legge.<\/p>\n<p>Per informazioni di carattere generale si rimanda al sito del\u00a0<a href=\"http:\/\/www.esteri.it\/MAE\/IT\/Italiani_nel_Mondo\/ServiziConsolari\">Ministero degli Affari Esteri<\/a><\/p>\n<p>&nbsp;<\/p>\n<p><a href=\"https:\/\/conslosangeles.esteri.it\/wp-content\/uploads\/2023\/08\/INFORMATIVA-PRIVACY-SERVIZI-CONSOLARI.pdf\">Si prega di prendere visione delle informazioni contenute nel seguente documento &#8220;Informativa Privacy Servizi Consolari&#8221;<\/a><\/p>\n","protected":false},"excerpt":{"rendered":"Ufficio Assistenza Email:\u00a0assistenza.losangeles@esteri.it L&#8217;UFFICIO ASSISTENZA L&#8217;Ufficio Servizi Sociali\/Assistenza fornisce informazioni sul sistema pensionistico italiano e rilascia i\u00a0certificati di esistenza in vita\u00a0per coloro che gi\u00e0 ricevono una pensione. Per avere diritto ad una pensione bisogna avere l\u2019et\u00e0 richiesta dalla legge e il numero sufficiente di contributi. Coloro che hanno lavorato in Italia ma che non hanno [&hellip;]","protected":false},"author":1,"featured_media":0,"parent":59,"menu_order":20,"comment_status":"closed","ping_status":"closed","template":"","meta":{"footnotes":""},"class_list":["post-93","page","type-page","status-publish","hentry"],"_links":{"self":[{"href":"https:\/\/conslosangeles.esteri.it\/it\/wp-json\/wp\/v2\/pages\/93","targetHints":{"allow":["GET"]}}],"collection":[{"href":"https:\/\/conslosangeles.esteri.it\/it\/wp-json\/wp\/v2\/pages"}],"about":[{"href":"https:\/\/conslosangeles.esteri.it\/it\/wp-json\/wp\/v2\/types\/page"}],"author":[{"embeddable":true,"href":"https:\/\/conslosangeles.esteri.it\/it\/wp-json\/wp\/v2\/users\/1"}],"replies":[{"embeddable":true,"href":"https:\/\/conslosangeles.esteri.it\/it\/wp-json\/wp\/v2\/comments?post=93"}],"version-history":[{"count":2,"href":"https:\/\/conslosangeles.esteri.it\/it\/wp-json\/wp\/v2\/pages\/93\/revisions"}],"predecessor-version":[{"id":4489,"href":"https:\/\/conslosangeles.esteri.it\/it\/wp-json\/wp\/v2\/pages\/93\/revisions\/4489"}],"up":[{"embeddable":true,"href":"https:\/\/conslosangeles.esteri.it\/it\/wp-json\/wp\/v2\/pages\/59"}],"wp:attachment":[{"href":"https:\/\/conslosangeles.esteri.it\/it\/wp-json\/wp\/v2\/media?parent=93"}],"curies":[{"name":"wp","href":"https:\/\/api.w.org\/{rel}","templated":true}]}}