{"id":89,"date":"2023-04-03T19:29:38","date_gmt":"2023-04-03T17:29:38","guid":{"rendered":"https:\/\/consolatozurigo.esteri.it\/?page_id=89"},"modified":"2023-09-22T12:50:51","modified_gmt":"2023-09-22T19:50:51","slug":"servizi-notarili","status":"publish","type":"page","link":"https:\/\/conslosangeles.esteri.it\/it\/servizi-consolari-e-visti\/servizi-per-il-cittadino-italiano\/servizi-notarili\/","title":{"rendered":"Servizi notarili"},"content":{"rendered":"<p>L\u2019ufficio consolare esercita, nei confronti di cittadini italiani che si trovano all&#8217;estero in via permanente o temporanea, alcune funzioni notarili previste dal nostro ordinamento. Essenzialmente si tratta del ricevimento di atti pubblici (procure, testamenti), di atti notori, di autenticazioni e di sottoscrizioni apposte a scritture private.<\/p>\n<p>Il primo comma dell\u2019art. 28 del D.lgs. n. 71\/2011 \u201cOrdinamento e funzioni degli uffici consolari\u201d, entrato in vigore il 28 maggio 2011, prescrive che le funzioni consolari in materia notarile possono essere esercitate\u00a0esclusivamente nei confronti dei cittadini italiani\u00a0e non pi\u00f9 anche dei non cittadini, come era invece previsto dalla precedente normativa. Pertanto questo Consolato Generale non puo\u2019 rilasciare atti notarili per cittadini stranieri.<\/p>\n<p>Esistono alcune differenze tra le competenze consolari in materia notarile e quelle attribuite ai notai esercenti in Italia, sostanzialmente connesse alla diversa posizione del Capo della Rappresentanza consolare, funzionario dello Stato, e quella del notaio, libero professionista.<\/p>\n<p>In effetti:<\/p>\n<ul>\n<li>il notaio pu\u00f2 anche essere chiamato a fungere da consulente legale del cliente; egli pertanto pu\u00f2 assumere informazioni circa la solvibilit\u00e0 di una persona o agire da mediatore in una transazione, oppure consigliare il cliente circa rapporti familiari o finanziari.\u00a0\u00c8 escluso che l\u2019Autorit\u00e0 consolare possa svolgere attivit\u00e0 analoghe. Il suo consiglio, se richiesto, deve essere limitato al campo giuridico, con particolare riguardo alla validit\u00e0 degli atti che le si domanda di ricevere. La sua assistenza deve limitarsi alla legalit\u00e0 degli atti prospettati e non alla loro utilit\u00e0 economica.<\/li>\n<li>il notaio pu\u00f2 essere a volte il mandatario del cliente rispetto alla pubblicit\u00e0 e alla esecuzione di formalit\u00e0 relative agli atti da lui ricevuti.\u00a0Nessuna attivit\u00e0 di tale natura pu\u00f2, invece, essere svolta dal capo della Rappresentanza consolare.<\/li>\n<li>mentre il notaio ha diritto ad un onorario,\u00a0tutti gli atti consolari sono soggetti unicamente alla tassa indicata nella Tariffa consolare.<\/li>\n<\/ul>\n<p>Il cittadino italiano all&#8217;estero pu\u00f2, in alternativa, formalizzare l&#8217;atto presso un pubblico notaio ufficialmente accreditato nel Paese di residenza. Successivamente deve provvedere a far apporre sul documento l&#8217;\u00abapostille\u00bb da parte dell&#8217;Office of the Secretary of State dello Stato dove l\u2019atto \u00e8 stato notarizzato.<\/p>\n<p>L\u2019Ufficio Notarile di questo Consolato Generale per l\u2019erogazione di atti riceve esclusivamente su appuntamento, da prenotare, per email all\u2019indirizzo <a href=\"mailto:notarile.losangeles@esteri.it\">notarile.losangeles@esteri.it<\/a>\u00a0 fornendo le informazioni richieste per ogni specifico servizio e che si trovano elencati nella sezione apposita.<\/p>\n<p>Informazioni di carattere generale e appuntamenti possono anche essere richieste di persona durante i normali orari di apertura al pubblico, compatibilmente con il disbrigo delle pratiche gi\u00e0 prenotate.<\/p>\n<p><a href=\"https:\/\/conslosangeles.esteri.it\/wp-content\/uploads\/2023\/08\/INFORMATIVA-PRIVACY-SERVIZI-CONSOLARI.pdf\">Si prega di prendere visione delle informazioni contenute nel seguente documento &#8220;Informativa Privacy Servizi Consolari&#8221;<\/a><\/p>\n","protected":false},"excerpt":{"rendered":"L\u2019ufficio consolare esercita, nei confronti di cittadini italiani che si trovano all&#8217;estero in via permanente o temporanea, alcune funzioni notarili previste dal nostro ordinamento. Essenzialmente si tratta del ricevimento di atti pubblici (procure, testamenti), di atti notori, di autenticazioni e di sottoscrizioni apposte a scritture private. Il primo comma dell\u2019art. 28 del D.lgs. n. 71\/2011 [&hellip;]","protected":false},"author":1,"featured_media":0,"parent":59,"menu_order":12,"comment_status":"closed","ping_status":"closed","template":"","meta":{"footnotes":""},"class_list":["post-89","page","type-page","status-publish","hentry"],"_links":{"self":[{"href":"https:\/\/conslosangeles.esteri.it\/it\/wp-json\/wp\/v2\/pages\/89","targetHints":{"allow":["GET"]}}],"collection":[{"href":"https:\/\/conslosangeles.esteri.it\/it\/wp-json\/wp\/v2\/pages"}],"about":[{"href":"https:\/\/conslosangeles.esteri.it\/it\/wp-json\/wp\/v2\/types\/page"}],"author":[{"embeddable":true,"href":"https:\/\/conslosangeles.esteri.it\/it\/wp-json\/wp\/v2\/users\/1"}],"replies":[{"embeddable":true,"href":"https:\/\/conslosangeles.esteri.it\/it\/wp-json\/wp\/v2\/comments?post=89"}],"version-history":[{"count":1,"href":"https:\/\/conslosangeles.esteri.it\/it\/wp-json\/wp\/v2\/pages\/89\/revisions"}],"predecessor-version":[{"id":4486,"href":"https:\/\/conslosangeles.esteri.it\/it\/wp-json\/wp\/v2\/pages\/89\/revisions\/4486"}],"up":[{"embeddable":true,"href":"https:\/\/conslosangeles.esteri.it\/it\/wp-json\/wp\/v2\/pages\/59"}],"wp:attachment":[{"href":"https:\/\/conslosangeles.esteri.it\/it\/wp-json\/wp\/v2\/media?parent=89"}],"curies":[{"name":"wp","href":"https:\/\/api.w.org\/{rel}","templated":true}]}}