{"id":881,"date":"2023-07-20T12:45:08","date_gmt":"2023-07-20T19:45:08","guid":{"rendered":"https:\/\/conslosangeles.esteri.it\/?page_id=881"},"modified":"2023-07-20T12:45:08","modified_gmt":"2023-07-20T19:45:08","slug":"certificati-anagrafici-rilasciati-gratuitamente-dai-comuni-online","status":"publish","type":"page","link":"https:\/\/conslosangeles.esteri.it\/it\/servizi-consolari-e-visti\/servizi-per-il-cittadino-italiano\/altri-servizi\/albo-consolare\/certificati-anagrafici-rilasciati-gratuitamente-dai-comuni-online\/","title":{"rendered":"Certificati Anagrafici Rilasciati Gratuitamente dai Comuni Online"},"content":{"rendered":"<p>E\u2019 possibile\u00a0scaricare i <strong>certificati anagrafici<\/strong> online\u00a0in maniera autonoma e gratuita, per proprio conto o per un componente della propria famiglia, senza bisogno di recarsi allo sportello.<\/p>\n<p>Potranno essere scaricati, anche in forma contestuale, i seguenti certificati:<\/p>\n<p>\u25cf Anagrafico di nascita<br \/>\n\u25cf Anagrafico di matrimonio<br \/>\n\u25cf di Cittadinanza<br \/>\n\u25cf di Esistenza in vita<br \/>\n\u25cf di Residenza<br \/>\n\u25cf di Residenza AIRE<br \/>\n\u25cf di Stato civile<br \/>\n\u25cf di Stato di famiglia<br \/>\n\u25cf di Stato di famiglia e di stato civile<br \/>\n\u25cf di Residenza in convivenza<br \/>\n\u25cf di Stato di famiglia AIRE<br \/>\n\u25cf di Stato di famiglia con rapporti di parentela<br \/>\n\u25cf di Stato Libero<br \/>\n\u25cf Anagrafico di Unione Civile<br \/>\n\u25cf di Contratto di Convivenza<\/p>\n<p>Per accedere al portale\u00a0<a href=\"http:\/\/www.anagrafenazionale.interno.it\/servizi-al-cittadino\">www.anagrafenazionale.interno.it\/servizi-al-cittadino<\/a>\u00a0 \u00e8 necessaria la propria identit\u00e0 digitale (Spid, Carta d&#8217;Identit\u00e0 Elettronica, Cns) e se la richiesta \u00e8 per un familiare verr\u00e0 mostrato l\u2019elenco dei componenti della famiglia per cui \u00e8 possibile richiedere un certificato. Il servizio, inoltre, consente la visione dell&#8217;anteprima del documento per verificare la correttezza dei dati e di poterlo scaricare in formato pdf o riceverlo via mail.<\/p>\n<p><strong>Non hai\u00a0SPID?<\/strong><br \/>\nCliccare qui per informazioni\u00a0<a href=\"http:\/\/www.spid.gov.it\/\">www.spid.gov.it<\/a>.<\/p>\n","protected":false},"excerpt":{"rendered":"E\u2019 possibile\u00a0scaricare i certificati anagrafici online\u00a0in maniera autonoma e gratuita, per proprio conto o per un componente della propria famiglia, senza bisogno di recarsi allo sportello. Potranno essere scaricati, anche in forma contestuale, i seguenti certificati: \u25cf Anagrafico di nascita \u25cf Anagrafico di matrimonio \u25cf di Cittadinanza \u25cf di Esistenza in vita \u25cf di Residenza [&hellip;]","protected":false},"author":3,"featured_media":0,"parent":98,"menu_order":7,"comment_status":"closed","ping_status":"closed","template":"","meta":{"footnotes":""},"class_list":["post-881","page","type-page","status-publish","hentry"],"_links":{"self":[{"href":"https:\/\/conslosangeles.esteri.it\/it\/wp-json\/wp\/v2\/pages\/881","targetHints":{"allow":["GET"]}}],"collection":[{"href":"https:\/\/conslosangeles.esteri.it\/it\/wp-json\/wp\/v2\/pages"}],"about":[{"href":"https:\/\/conslosangeles.esteri.it\/it\/wp-json\/wp\/v2\/types\/page"}],"author":[{"embeddable":true,"href":"https:\/\/conslosangeles.esteri.it\/it\/wp-json\/wp\/v2\/users\/3"}],"replies":[{"embeddable":true,"href":"https:\/\/conslosangeles.esteri.it\/it\/wp-json\/wp\/v2\/comments?post=881"}],"version-history":[{"count":0,"href":"https:\/\/conslosangeles.esteri.it\/it\/wp-json\/wp\/v2\/pages\/881\/revisions"}],"up":[{"embeddable":true,"href":"https:\/\/conslosangeles.esteri.it\/it\/wp-json\/wp\/v2\/pages\/98"}],"wp:attachment":[{"href":"https:\/\/conslosangeles.esteri.it\/it\/wp-json\/wp\/v2\/media?parent=881"}],"curies":[{"name":"wp","href":"https:\/\/api.w.org\/{rel}","templated":true}]}}