{"id":8500,"date":"2025-08-26T15:00:19","date_gmt":"2025-08-26T22:00:19","guid":{"rendered":"https:\/\/conslosangeles.esteri.it\/?page_id=8500"},"modified":"2026-01-07T09:59:14","modified_gmt":"2026-01-07T16:59:14","slug":"dichiarazione-di-volonta","status":"publish","type":"page","link":"https:\/\/conslosangeles.esteri.it\/it\/servizi-consolari-e-visti\/servizi-per-il-cittadino-italiano\/stato-civile\/nascite\/dichiarazione-di-volonta\/","title":{"rendered":"Dichiarazione di volont\u00e0"},"content":{"rendered":"<p><span style=\"color: #ff0000;\"><strong><u>(MINORI DI ET\u00c0 COMPRESA TRA LA NASCITA\u00a0 E I 2 ANNI e 11 mesi)<\/u><\/strong><\/span><\/p>\n<p><strong>Modalit\u00e0 di presentazione della\u00a0<u>Dichiarazione di Volont\u00e0<\/u><span style=\"color: #ff0000;\"> entro TRE ANNI dalla nascita del minore<\/span> (o dal giorno successivo in cui \u00e8 stata stabilita la filiazione, anche adottiva, durante la minore et\u00e0)<\/strong><\/p>\n<p><strong>La dichiarazione di volont\u00e0 di acquisto della cittadinanza deve essere formale e avvenire di persona, alla presenza di dipendente delegato all\u2019esercizio delle funzioni di stato civile.<\/strong>\u00a0Se i genitori non rendono la dichiarazione contestualmente, il requisito di legge si considera soddisfatto alla data in cui \u00e8 presentata la dichiarazione del secondo genitore. Se la filiazione (anche adottiva) \u00e8 stabilita nei confronti di una sola persona (o se l\u2019altro genitore \u00e8 deceduto), sar\u00e0 sufficiente la dichiarazione di un solo genitore (la responsabilit\u00e0 di fornire una valida prova documentale di tale circostanza \u00e8\u00a0<u>esclusivamente a carico del richiedente<\/u>).<\/p>\n<p>&nbsp;<\/p>\n<p><strong><u>REQUISITI PER POTER PRESTARE LA DICHIARAZIONE DI VOLONT\u00c0<\/u><\/strong><\/p>\n<p>Per poter richiedere la registrazione della nascita, \u00e8 necessario soddisfare TUTTI i seguenti requisiti:<\/p>\n<ul>\n<li><strong>Residenza nella circoscrizione di questo Consolato Generale: <\/strong>almeno uno dei genitori deve risiedere in uno dei seguenti Stati: <a href=\"https:\/\/conslosangeles.esteri.it\/it\/chi-siamo\/\">Aree di competenza: Arizona, Sud California, Nevada, New Mexico<\/a><\/li>\n<li><strong>Cittadinanza italiana e iscrizione A.I.R.E:<\/strong> almeno uno dei genitori deve essere cittadino italiano iscritto all\u2019<a href=\"https:\/\/conslosangeles.esteri.it\/it\/servizi-consolari-e-visti\/servizi-per-il-cittadino-italiano\/anagrafe-degli-italiani-residenti-allestero-aire\/\">Anagrafe degli Italiani Residenti all\u2019Estero (A.I.R.E)<\/a><\/li>\n<li><strong>Precedenti matrimoni o divorzi registrati:<\/strong> I matrimoni e i divorzi dei cittadini italiani devono essere stati registrati in Italia Per ulteriori informazioni, consultare i<br \/>\nseguenti LINK: <a href=\"https:\/\/conslosangeles.esteri.it\/it\/servizi-consolari-e-visti\/servizi-per-il-cittadino-italiano\/stato-civile\/trascizione-matrimonio\/\">Matrimoni<\/a> &#8211; <a href=\"https:\/\/conslosangeles.esteri.it\/it\/servizi-consolari-e-visti\/servizi-per-il-cittadino-italiano\/stato-civile\/trascrizione-divorzio\/\">Divorzi<\/a><\/li>\n<li><strong>Indirizzo di residenza aggiornato:<\/strong> Si raccomanda che l\u2019indirizzo di residenza dichiarato sulla richiesta corrisponda all\u2019ultimo indirizzo di residenza comunicato al<br \/>\nConsolato Generale. Per verificare il proprio indirizzo presente nel database consolare, accedere al proprio profilo su <a href=\"https:\/\/conslosangeles.esteri.it\/it\/servizi-consolari-e-visti\/servizi-per-il-cittadino-italiano\/anagrafe-degli-italiani-residenti-allestero-aire\/\">Fast.it<\/a> . Per aggiornare il proprio indirizzo di residenza, seguire la procedura indicata nella sezione A.I.R.E.<\/li>\n<\/ul>\n<p>La dichiarazione di volont\u00e0 di acquisto della cittadinanza \u00a0si effettua in Consolato su appuntamento ed \u00e8 soggetta alla verifica delle condizioni di legge sopra illustrate.<\/p>\n<h3><strong><span style=\"color: #ff0000;\">A PARTIRE DAL 1\u00b0 GENNAIO 2026, PER LE DICHIARAZIONI DI VOLONT\u00c0 DI CUI AL PARAGRAFO PRECEDENTE <span style=\"text-decoration: underline;\">\u00c8 PREVISTA LA GRATUIT\u00c0<\/span>. QUESTA MODIFICA\u00a0<u>NON HA CARATTERE RETROATTIVO<\/u> E PER QUESTA RAGIONE VALE PER LE SOLE ISTANZE PRESENTATE A PARTIRE DAL 1\u00b0 GENNAIO 2026. <\/span><\/strong><\/h3>\n<h3><strong><span style=\"color: #ff0000;\"><u>NON \u00c8 PREVISTO ALCUN RIMBORSO PER LE ISTANZE GI\u00c0 PRESENTATE.<\/u><\/span><\/strong><\/h3>\n<p>Nel caso di\u00a0<strong>stabilimento della residenza legale del minore in Italia<\/strong>, la dichiarazione pu\u00f2 essere presentata anche successivamente al termine di un anno dalla nascita, ma la residenza deve perdurare per almeno due anni continuativi dopo la dichiarazione di volont\u00e0 di acquisto della cittadinanza presentata dai genitori.\u00a0<strong>Tale caso esula tuttavia dalla competenza del Consolato ed \u00e8 rimesso esclusivamente ai Comuni.<\/strong><\/p>\n<h5>La dichiarazione deve essere resa personalmente in Consolato Generale su appuntamento <strong><span style=\"text-decoration: underline;\">previa verifica preliminare della documentazione che dovr\u00e0 essere spedita per posta all\u2019indirizzo:<\/span><\/strong><\/h5>\n<p><strong>CONSULATE GENERAL OF ITALY<\/strong><br \/>\n<strong>CITIZENSHIP DEPARTMENT<\/strong><br \/>\n<strong>12424 Wilshire Blvd. Suite 1400<\/strong><br \/>\n<strong>Los Angeles, CA 90025<\/strong><br \/>\n<strong>United States of America<\/strong><\/p>\n<p><span style=\"text-decoration: underline;\"><strong>DOCUMENTAZIONE DA INVIARE PER POSTA:<\/strong><\/span><\/p>\n<ol>\n<li><strong>Estratto dell&#8217;atto di nascita<\/strong> del genitore italiano del minore rilasciato dal competente Comune italiano entro sei mesi dalla data di richiesta di trascrizione della nascita del minore;<\/li>\n<li><strong>Certificato di cittadinanza italiana (<\/strong>anche detto<strong> certificato storico di cittadinanza)<\/strong>\u00a0 del genitore italiano del minore, <u>attestante esplicitamente il possesso della cittadinanza dalla nascita (entrambi questi documenti &#8211; al punto 1 &amp; 2\u00a0 &#8211;\u00a0 devono essere richiesti al Comune italiano competente da parte dell&#8217;interessato &#8211; <strong>non ci accettano autodichiarazioni<\/strong>)<\/u>;<\/li>\n<li>Atto integrale di nascita del minore rilasciato dalle competenti autorit\u00e0 straniere, munito di apostille e traduzione:\n<ul>\n<li><strong>Per le nascite di minorenni avvenute negli stati di:<\/strong>\n<ul>\n<li><a href=\"https:\/\/conslosangeles.esteri.it\/it\/servizi-consolari-e-visti\/servizi-per-il-cittadino-italiano\/stato-civile\/nascite\/nascite-avvenute-negli-stati-di-arizona-california-nevada\/\"><strong>ARIZONA, CALIFORNIA, NEVADA (clicca qui)<\/strong><\/a><\/li>\n<li><a href=\"https:\/\/conslosangeles.esteri.it\/it\/servizi-consolari-e-visti\/servizi-per-il-cittadino-italiano\/stato-civile\/nascite\/nascite-avvenute-nello-stato-del-new-mexico\/\"><strong>NEW MEXICO (clicca qui)<\/strong><\/a><\/li>\n<li><strong>Per i certificati non formati nella circoscrizione consolare del Consolato Generale d\u2019Italia a Los Angeles<\/strong>\u00a0si raccomanda di verificare sempre la correttezza della documentazione con il Consolato italiano territorialmente competente per emissione dell\u2019atto consultando il sito web. La procedura da seguire pu\u00f2 variare in base al Paese in cui l\u2019atto \u00e8 stato rilasciato, secondo gli accordi in vigore con il Paese in questione.\u00a0<a href=\"https:\/\/www.esteri.it\/it\/ministero\/struttura\/laretediplomatica\/\">Trova il tuo consolato competente qui.<\/a><br \/>\n<em>Esempio:<\/em>\u00a0Per atto di nascita emesso a Buenos Aires (Argentina), verificare il sito web del Consolato Generale italiano a Buenos Aires.<br \/>\nPer atto di nascita emesso a New York (USA), verificare il sito web del Consolato Generale italiano a New York.<\/li>\n<\/ul>\n<\/li>\n<li>Se del caso, includere anche uno dei seguenti (regolarmente muniti di apostille e traduzione certificata laddove necessario):<br \/>\nRiconoscimento di filiazione;<br \/>\nDichiarazione giudiziale di filiazione;<br \/>\nProvvedimento di adozione;<br \/>\nDocumentazione comprovante la qualit\u00e0 di tutore o la condizione di unico genitore del\/della minore;<\/li>\n<\/ul>\n<\/li>\n<li>\u00a0Recente prova di indirizzo (non pi\u00f9 vecchia di tre mesi): bolletta: elettricit\u00e0, acqua, gas, telefono fisso, voter\u2019s registration, o tax statement); NO BANK\/CREDIT CARD STATEMENT;<\/li>\n<li>Passaporti dei genitori (italiani e stranieri) e passaporto\/i del minore;<\/li>\n<\/ol>\n<p>&nbsp;<\/p>\n<p><span style=\"text-decoration: underline;\"><strong>NORMA TRANSITORIA PER MINORENNI ALLA DATA DEL 24\/05\/202<\/strong><strong>5 (BENEFICIO DI LEGGE)\u00a0<\/strong><\/span><\/p>\n<p><span style=\"color: #ff0000;\"><strong><u>(MINORI DI ET\u00c0 COMPRESA TRA I 3 ANNI COMPIUTI E I 17 ANNI E 11 MESI)<\/u><\/strong><\/span><\/p>\n<p><strong>IMPORTANTE!!!<\/strong> Laddove ci si avvalga della <strong>norma transitoria<\/strong>\u00a0<strong>(art. 1, c. 1-ter del D.L. n. 36\/2025)<\/strong>, il figlio dovr\u00e0 essere di\u00a0<strong><u>minore et\u00e0 alla data del 24 maggio 2025<\/u>\u00a0<\/strong>e la dichiarazione dovr\u00e0 essere regolarmente sottoscritta da entrambi i genitori\u00a0<strong><u>entro il 31 maggio 2026<\/u><\/strong>\u00a0(\u00e8 esclusiva responsabilit\u00e0 del richiedente organizzarsi per tempo).\u00a0<strong>Includere<\/strong>, oltre a quanto sopra indicato, anche regolare certificazione originale comprovante che il genitore cittadino per nascita \u00e8 stato riconosciuto come tale sulla base di domanda amministrativa o giudiziale presentata entro le 23:59 (ora di Roma) del 27 marzo 2025, o sulla base di domanda di riconoscimento della cittadinanza italiana presentata sulla base di appuntamento comunicato dall\u2019Ufficio consolare o dal Comune entro la medesima data.<\/p>\n<ul>\n<li style=\"list-style-type: none;\">\n<ul>\n<li>Se l\u2019interessato, minorenne alla data del 24 maggio 2025, diviene nel frattempo maggiorenne, la dichiarazione dovr\u00e0 essere presentata da lui personalmente\u00a0<u>entro il 31 maggio 2026<\/u>.<\/li>\n<\/ul>\n<\/li>\n<\/ul>\n<p><span style=\"color: #339966;\"><strong>NOTA BENE:\u00a0l\u2019Ufficio consolare si riserva il diritto di richiedere documentazione aggiuntiva o integrazioni laddove sia ritenuto necessario per il corretto svolgimento della pratica.<\/strong><\/span><\/p>\n<p>&nbsp;<\/p>\n<p><span style=\"color: #ff0000;\"><strong>IMPORTANTE!!!<\/strong><\/span><br \/>\n<strong>Si invita a inoltrare la richiesta di dichiarazione di volont\u00e0 solo se in possesso di tutta la documentazione necessaria per verificare il diritto alla cittadinanza italiana, cos\u00ec come elencata nei paragrafi precedenti.<\/strong><\/p>\n<p>Qualora la richiesta non sia corredata da tale documentazione, il Consolato Generale invier\u00e0 all\u2019indirizzo e-mail indicato nell\u2019istanza un preavviso di diniego ai sensi dell\u2019art.10 bis<br \/>\ndella legge 241\/1990 a seguito del quale il richiedente avr\u00e0 10 giorni di tempo per fornire la documentazione mancante.<br \/>\nIl Consolato Generale si riserva di chiedere eventuale documentazione integrativa diversa da quella elencata nei paragrafi precedenti qualora ritenuta necessaria per le verifiche del diritto<br \/>\nalla cittadinanza. In questo caso, la richiesta non sar\u00e0 accompagnata da un preavviso di diniego, salvo che non vi sia riscontro entro un termine congruo.<\/p>\n<h3><span style=\"color: #ff0000;\"><strong><u>UNA VOLTA RICEVUTA LA DOCUMENTAZIONE COMPLETA SARETE CONTATTATI VIA EMAIL.<\/u><\/strong><\/span><\/h3>\n<p><strong>N.B.<\/strong>\u00a0Non \u00e8 possibile fissare appuntamenti telefonicamente.<\/p>\n","protected":false},"excerpt":{"rendered":"(MINORI DI ET\u00c0 COMPRESA TRA LA NASCITA\u00a0 E I 2 ANNI e 11 mesi) Modalit\u00e0 di presentazione della\u00a0Dichiarazione di Volont\u00e0 entro TRE ANNI dalla nascita del minore (o dal giorno successivo in cui \u00e8 stata stabilita la filiazione, anche adottiva, durante la minore et\u00e0) La dichiarazione di volont\u00e0 di acquisto della cittadinanza deve essere formale [&hellip;]","protected":false},"author":3,"featured_media":0,"parent":573,"menu_order":5,"comment_status":"closed","ping_status":"closed","template":"","meta":{"footnotes":""},"class_list":["post-8500","page","type-page","status-publish","hentry"],"_links":{"self":[{"href":"https:\/\/conslosangeles.esteri.it\/it\/wp-json\/wp\/v2\/pages\/8500","targetHints":{"allow":["GET"]}}],"collection":[{"href":"https:\/\/conslosangeles.esteri.it\/it\/wp-json\/wp\/v2\/pages"}],"about":[{"href":"https:\/\/conslosangeles.esteri.it\/it\/wp-json\/wp\/v2\/types\/page"}],"author":[{"embeddable":true,"href":"https:\/\/conslosangeles.esteri.it\/it\/wp-json\/wp\/v2\/users\/3"}],"replies":[{"embeddable":true,"href":"https:\/\/conslosangeles.esteri.it\/it\/wp-json\/wp\/v2\/comments?post=8500"}],"version-history":[{"count":6,"href":"https:\/\/conslosangeles.esteri.it\/it\/wp-json\/wp\/v2\/pages\/8500\/revisions"}],"predecessor-version":[{"id":9391,"href":"https:\/\/conslosangeles.esteri.it\/it\/wp-json\/wp\/v2\/pages\/8500\/revisions\/9391"}],"up":[{"embeddable":true,"href":"https:\/\/conslosangeles.esteri.it\/it\/wp-json\/wp\/v2\/pages\/573"}],"wp:attachment":[{"href":"https:\/\/conslosangeles.esteri.it\/it\/wp-json\/wp\/v2\/media?parent=8500"}],"curies":[{"name":"wp","href":"https:\/\/api.w.org\/{rel}","templated":true}]}}