{"id":85,"date":"2023-04-03T19:28:49","date_gmt":"2023-04-03T17:28:49","guid":{"rendered":"https:\/\/consolatozurigo.esteri.it\/?page_id=85"},"modified":"2024-01-05T12:41:55","modified_gmt":"2024-01-05T19:41:55","slug":"anagrafe-degli-italiani-residenti-allestero-aire","status":"publish","type":"page","link":"https:\/\/conslosangeles.esteri.it\/it\/servizi-consolari-e-visti\/servizi-per-il-cittadino-italiano\/anagrafe-degli-italiani-residenti-allestero-aire\/","title":{"rendered":"Anagrafe degli Italiani residenti all\u2019estero (AIRE)"},"content":{"rendered":"<p>Ufficio AIRE<br \/>\nIndirizzo: 12424 Wilshire Blvd. Suite 1400<br \/>\nLos Angeles, CA 90025<br \/>\nE-mail:\u00a0<a href=\"mailto:anagrafe.losangeles@esteri.it\">anagrafe.losangeles@esteri.it<\/a><\/p>\n<p><strong>Si ricorda che l\u2019iscrizione all\u2019AIRE \u00e8 un requisito di legge e un presupposto fondamentale per l\u2019accesso ai servizi di questo Consolato Generale. La legge n.213 (art.1, comma 242) del 30 dicembre 2023 (<a href=\"https:\/\/www.gazzettaufficiale.it\/eli\/gu\/2023\/12\/30\/303\/so\/40\/sg\/pdf\">gazzettaufficiale.it\/eli\/gu\/2023\/12\/30\/303\/so\/40\/sg\/pdf<\/a>) prevede una sanzione di massimo 1.000,00 EUR per ogni anno di mancata iscrizione all\u2019AIRE, per un massimo di 5 anni di sanzione, per tutti i cittadini italiani residenti all\u2019estero. <\/strong><\/p>\n<ol>\n<li>FAQ &#8211; <a href=\"https:\/\/conslosangeles.esteri.it\/wp-content\/uploads\/2023\/08\/FAQ-AIRE.pdf\">cliccare qui<\/a>\u00a0per le risposte alle nostre domande frequenti (cos&#8217;\u00e8 l&#8217;AIRE, chi deve iscriversi, ecc.)<\/li>\n<li>Come ISCRIVERSI all&#8217;AIRE e come AGGIORNARE il proprio indirizzo &#8211; \u00c8 ora possibile trasmettere le richieste di iscrizione e aggiornamento ONLINE tramite il servizio Fast It.<\/li>\n<li>Documentazione richiesta: Vai in basso al\u00a0<span style=\"text-decoration: underline;\"><strong>punto A<\/strong><\/span><\/li>\n<li>Istruzioni: Vai in basso al\u00a0<span style=\"text-decoration: underline;\"><strong>punto B<\/strong><\/span><\/li>\n<\/ol>\n<p><strong>IMPORTANTE<\/strong><\/p>\n<p style=\"padding-left: 40px;\">o La creazione dell&#8217;utenza in Fast It\u00a0NON COMPORTA\u00a0l&#8217;iscrizione\/aggiornamento AIRE.<\/p>\n<p style=\"padding-left: 40px;\">o I dati inseriti devono rispecchiare ESATTAMENTE quelli riportati sul passaporto italiano<\/p>\n<p style=\"padding-left: 40px;\">o Se non si possiede un passaporto italiano i dati devono rispecchiare ESATTAMENTE quelli riportati sull&#8217;atto di nascita originale<\/p>\n<p style=\"padding-left: 40px;\">o Eventuali secondi nomi devono essere inseriti nel campo &#8220;NOME&#8221;<\/p>\n<p style=\"padding-left: 40px;\">o Le date inserite devono essere in formato europeo GIORNO \/ MESE \/ ANNO<\/p>\n<p style=\"padding-left: 40px;\">o I figli maggiorenni, residenti nella nostra Circoscrizione, il cui certificato di nascita \u00e8 stato registrato al Comune in Italia o in possesso del Passaporto Italiano, devono presentare domanda di iscrizione AIRE o aggiornamento di indirizzo individuale.<\/p>\n<p><span style=\"text-decoration: underline;\"><strong><br \/>\n<a href=\"https:\/\/serviziconsolari.esteri.it\/ScoFE\/index.sco\">CLICCARE QUI PER FASTIT<\/a><\/strong><\/span><\/p>\n<p>&nbsp;<\/p>\n<p><span style=\"text-decoration: underline;\"><strong>PUNTO A\u00a0&#8211; DOCUMENTAZIONE RICHIESTA<\/strong><\/span><\/p>\n<p>\u00c8 necessario caricare\u00a0TRE ALLEGATI\u00a0che contengono TUTTI I SEGUENTI DOCUMENTI per\u00a0OGNI CITTADINO\/A ITALIANO\/A\u00a0del nucleo familiare.<\/p>\n<p>NOTA TECNICA &#8211; i documenti caricati devono essere:<\/p>\n<ul>\n<li>SCANSIONI in formato PDF<br \/>\n\u00b7\u00a0Massima risoluzione di 200dpi<br \/>\n\u00b7\u00a0Grandezza massima di ogni file = 1MB ciascuno<br \/>\n1. ALLEGATO 1 &#8211; Modulo di richiesta firmato dal richiedente<br \/>\n2. ALLEGATO 2 &#8211; Deve contenere i seguenti documenti A e B<\/li>\n<\/ul>\n<p>1. Documento d\u2019identit\u00e0 italiano &#8211; si accetta:<\/p>\n<p style=\"padding-left: 80px;\">&#8211; Passaporto Italiano, OPPURE<br \/>\n&#8211; Carta d\u2019identit\u00e0 italiana, OPPURE<br \/>\n&#8211; Copia della lettera dall\u2019autorit\u00e0 italiana (Consolato o Comune italiano) che ha riconosciuto la cittadinanza italiana<\/p>\n<p style=\"padding-left: 40px;\">2. Titolo di soggiorno IN CORSO DI VALIDITA&#8217; si accetta:<\/p>\n<p style=\"padding-left: 80px;\">&#8211; Visto USA, OPPURE<br \/>\n&#8211; USA Work Authorization Card, OPPURE<br \/>\n&#8211; Permanent Resident Card statunitense** rilasciata\/rinnovata DOPO il 16 agosto 1992<br \/>\n**Qualora questo documento fosse stato rinnovato recentemente, caricare una copia della ricevuta di pagamento rilasciata al momento della richiesta di rinnovo. \u00c8 possibile richiedere il rinnovo di questo documento anche online\u00a0<a href=\"https:\/\/www.uscis.gov\/\">https:\/\/www.uscis.gov<\/a>.<\/p>\n<p>In caso di una permanent resident card non aggiornata sar\u00e0 necessario caricare, in alternativa, una dichiarazione di non naturalizzazione rilasciata dall\u2019US Immigration Office, OPPURE una scansione della pagina del passaporto italiano dove sia stato apposto almeno un timbro di ingresso negli USA da parte dell\u2019US Immigration Office dopo il 15 agosto del 1992.<\/p>\n<p><strong>***Se non si possiede un titolo di soggiorno si prega di contattare l\u2019ufficio AIRE per eventuali verifiche.<\/strong><\/p>\n<p><strong>PER CHI POSSIEDE ALTRE CITTADINANZE:<\/strong><\/p>\n<ol>\n<li>CITTADINI USA:<br \/>\no Se nati negli USA \u2013 caricare passaporto USA<br \/>\no Se nati ALL\u2019ESTERO da genitori statunitensi \u2013 Consular report of birthabroad (questo documento \u00e8 addesso rilasciato dal Department of State degli Stati Uniti. <a href=\"https:\/\/travel.state.gov\/content\/travel\/en\/international-travel\/while-abroad\/birth-abroad.html)\">Cliccare qui<\/a> per informazioni su come richiederlo).<br \/>\no Se acquistata la cittadinanza DOPO LA NASCITA: Certificate of USA Naturalization<\/li>\n<\/ol>\n<ol start=\"2\">\n<li>CITTADINI CON ALTRE CITTADINANZE STRANIERE<br \/>\no Se nati con un\u2019altra cittadinanza \u2013 copia del passaporto straniero<br \/>\no Se acquistata un\u2019altra cittadinanza DOPO la nascita (naturalizzazione) \u2013 dichiarazione rilasciata dalle autorit\u00e0 straniere che indichi L\u2019ESATTA DATA DI ACQUISTO della cittadinanza straniera<\/li>\n<li>ALLEGATO 3 &#8211; Prova di residenza in questa circoscrizione consolare\u00a0che riporti lo stesso indirizzo dichiarato sul modulo AIRE. N.B. Se \u00e8 richiesta l\u2019iscrizione all\u2019AIRE per un minore allegare la prova di residenza del genitore.<\/li>\n<\/ol>\n<p>Si accetta<\/p>\n<ul>\n<li>Patente di guida statunitense, OPPURE<\/li>\n<li>Bolletta di utenza (elettricit\u00e0, gas, telefono o banca), OPPURE<\/li>\n<li>Copia del contratto d&#8217;affitto (solo la pagina riportante l&#8217;attuale indirizzo ed il nome del richiedente)<\/li>\n<\/ul>\n<p><span style=\"text-decoration: underline;\"><strong>PUNTO B\u00a0&#8211; ISTRUZIONI PER L&#8217;ISCRIZIONE \/ AGGIORNAMENTO ONLINE<\/strong><\/span><\/p>\n<p>* gli aggiornamenti sono possibili solo per chi \u00e8 gi\u00e0 iscritto all&#8217;AIRE presso il\u00a0<a href=\"https:\/\/conslosangeles.esteri.it\/consolato_losangeles\/en\/il-consolato\/la_rete_consolare\">Consolato Generale di Los Angeles<\/a><\/p>\n<p>ATTENZIONE: La creazione dell&#8217;utenza\u00a0NON COMPORTA\u00a0ne&#8217; l&#8217;iscrizione all&#8217;AIRE ne&#8217; l&#8217;aggiornamento dell&#8217;indirizzo. \u00c8 necessario seguire TUTTI i seguenti passi al fine di inviare correttamente una richiesta di iscrizione o aggiornamento.<\/p>\n<ol>\n<li>CREARE UNA NUOVA UTENZA \/ EFFETTUARE LOGIN solo con Google Chrome: &#8211; Visitare\u00a0<a href=\"https:\/\/serviziconsolarionline.esteri.it\/ScoFE\/index.sco\">https:\/\/serviziconsolarionline.esteri.it\/ScoFE\/index.sco <\/a>e cliccare su \u201cREGISTRAZIONE\u201d \/ Per chi ha gi\u00e0 un&#8217;utenza presso il Consolato di Los Angeles &#8211; effettuare login con l&#8217;email e password.<\/li>\n<\/ol>\n<p>&nbsp;<\/p>\n<p><strong>NOTA BENE: ARRIVI DA &#8211; e TRASFERIMENTI AD ALTRI CONSOLATI:<\/strong><\/p>\n<ul>\n<li>Se si \u00e8 gi\u00e0 registrati su Fast-It presso un altro Consolato, NON \u00e8 necessario effettuare la cancellazione del proprio account Fast It. Per aggiornare il cambio d\u2019indirizzo in un altro paese\/altra circoscizione consolare, si deve procedere inserendo correttamente tutti i campi richiesti dal sistema. La Sede di appartenza cambier\u00e0 in automatico e il precedente Consolato ricever\u00e0 la comunicazione del cambio di Sede Consolare.<\/li>\n<li>PER VERIFICARE SE IL TUO NOMINATIVO \u00c8 GIA&#8217; PRESENTE NELLO SCHEDARIO CONSOLARE: cliccare su &#8220;VISUALIZZARE LA PROPRIA SCHEDA ANAGRAFICA&#8221; e seguire le istruzioni per la verifica:<\/li>\n<li>SE IL TUO NOMINATIVO \u00c8 GIA&#8217; PRESENTE nello schedario consolare: seguire le istruzioni per l&#8217;aggiornamento dell&#8217;indirizzo qualora l&#8217;indirizzo non fosse aggiornato (vedi sottostante punto 2)<\/li>\n<li>SE IL TUO NOMINATIVO NON \u00c8 PRESENTE: seguire le istruzioni per una nuova iscrizione all&#8217;AIRE (vedi sottostante punto 1)<\/li>\n<\/ul>\n<ol>\n<li>CLICCARE SU &#8220;ANAGRAFE CONSOLARE e AIRE&#8221;<br \/>\n&#8211; ISCRIZIONI: cliccare su &#8220;RICHIEDERE L\u2019ISCRIZIONE ALL\u2019ANAGRAFE DEGLI ITALIANI ALL\u2019ESTERO&#8221;<\/li>\n<li>AGGIORNAMENTI: cliccare su &#8220;COMUNICARE LA VARIAZIONE DELLA PROPRIA RESIDENZA&#8221;<br \/>\n&#8211; COMPILARE I CAMPI PREVISTI che guidano l\u2019utente a una corretta e completa formulazione dell\u2019istanza.<br \/>\nIMPORTANTE: i dati inseriti devono rispecchiare ESATTAMENTE quelli riportati sul passaporto italiano:<br \/>\n&#8211; Se non si possiede un passaporto italiano i dati devono rispecchiare ESATTAMENTE quelli riportati sull&#8217;atto di nascita originale<br \/>\n&#8211; Indicare eventuali secondi nomi nel campo &#8220;NOME&#8221;<br \/>\n&#8211; Indicare le date in formato europeo GIORNO \/ MESE \/ ANNO<\/li>\n<li>EFFETTUARE LA STAMPA del relativo modulo<\/li>\n<li>CARICARE I SOPRANOMINATI DOCUMENTI sul portale per ogni persona per cui \u00e8 richiesta l\u2019iscrizione all\u2019AIRE e procedere all\u2019invio.<\/li>\n<\/ol>\n<p>&nbsp;<\/p>\n<p>NOTA TECNICA: Si potranno accettare da un minimo di 3 file multi pagine a un massimo di 9 file multi pagine che soddisfano tutti i seguenti criteri:<br \/>\n\u00b7 Scansione in formato PDF<br \/>\n\u00b7 Massima risoluzione di 200dpi<br \/>\n\u00b7 Grandezza massima di ogni file = 1MB ciascuno<br \/>\nASPETTARE CHE LA PRATICA RIPORTI LO STATO &#8220;TRASMESSA AL COMUNE&#8221;: l\u2019invio della richiesta di iscrizione AIRE da parte del Consolato al Comune competente, comporter\u00e0 un ulteriore cambio di stato della pratica AIRE, che verr\u00e0 posta automaticamente nello stato \u201cTrasmessa al comune\u201d. Il connazionale ricever\u00e0 una email che gli comunica l\u2019avvenuto invio della richiesta al Comune.<\/p>\n<p><a href=\"https:\/\/conslosangeles.esteri.it\/wp-content\/uploads\/2023\/08\/INFORMATIVA-PRIVACY-SERVIZI-CONSOLARI.pdf\">Si prega di prendere visione delle informazioni contenute nel seguente documento &#8220;Informativa Privacy Servizi Consolari&#8221;<\/a><\/p>\n","protected":false},"excerpt":{"rendered":"Ufficio AIRE Indirizzo: 12424 Wilshire Blvd. Suite 1400 Los Angeles, CA 90025 E-mail:\u00a0anagrafe.losangeles@esteri.it Si ricorda che l\u2019iscrizione all\u2019AIRE \u00e8 un requisito di legge e un presupposto fondamentale per l\u2019accesso ai servizi di questo Consolato Generale. La legge n.213 (art.1, comma 242) del 30 dicembre 2023 (gazzettaufficiale.it\/eli\/gu\/2023\/12\/30\/303\/so\/40\/sg\/pdf) prevede una sanzione di massimo 1.000,00 EUR per ogni [&hellip;]","protected":false},"author":1,"featured_media":0,"parent":59,"menu_order":4,"comment_status":"closed","ping_status":"closed","template":"","meta":{"footnotes":""},"class_list":["post-85","page","type-page","status-publish","hentry"],"_links":{"self":[{"href":"https:\/\/conslosangeles.esteri.it\/it\/wp-json\/wp\/v2\/pages\/85","targetHints":{"allow":["GET"]}}],"collection":[{"href":"https:\/\/conslosangeles.esteri.it\/it\/wp-json\/wp\/v2\/pages"}],"about":[{"href":"https:\/\/conslosangeles.esteri.it\/it\/wp-json\/wp\/v2\/types\/page"}],"author":[{"embeddable":true,"href":"https:\/\/conslosangeles.esteri.it\/it\/wp-json\/wp\/v2\/users\/1"}],"replies":[{"embeddable":true,"href":"https:\/\/conslosangeles.esteri.it\/it\/wp-json\/wp\/v2\/comments?post=85"}],"version-history":[{"count":4,"href":"https:\/\/conslosangeles.esteri.it\/it\/wp-json\/wp\/v2\/pages\/85\/revisions"}],"predecessor-version":[{"id":5111,"href":"https:\/\/conslosangeles.esteri.it\/it\/wp-json\/wp\/v2\/pages\/85\/revisions\/5111"}],"up":[{"embeddable":true,"href":"https:\/\/conslosangeles.esteri.it\/it\/wp-json\/wp\/v2\/pages\/59"}],"wp:attachment":[{"href":"https:\/\/conslosangeles.esteri.it\/it\/wp-json\/wp\/v2\/media?parent=85"}],"curies":[{"name":"wp","href":"https:\/\/api.w.org\/{rel}","templated":true}]}}