{"id":8471,"date":"2025-08-26T12:54:51","date_gmt":"2025-08-26T19:54:51","guid":{"rendered":"https:\/\/conslosangeles.esteri.it\/?page_id=8471"},"modified":"2025-08-26T15:36:10","modified_gmt":"2025-08-26T22:36:10","slug":"documentazione-da-presentare-per-i-casi-di-acquisto-automatico-di-cittadinanza-italiana-da-parte-di-minori-nati-allestero-da-cittadini-italiani","status":"publish","type":"page","link":"https:\/\/conslosangeles.esteri.it\/it\/servizi-consolari-e-visti\/servizi-per-il-cittadino-italiano\/stato-civile\/nascite\/documentazione-da-presentare-per-i-casi-di-acquisto-automatico-di-cittadinanza-italiana-da-parte-di-minori-nati-allestero-da-cittadini-italiani\/","title":{"rendered":"Documentazione da presentare per i casi di acquisto automatico di cittadinanza Italiana da parte di minori nati all\u2019estero da cittadini Italiani"},"content":{"rendered":"<p><strong>LISTA DOCUMENTI (TUTTI OBBLIGATORI come indicati)<\/strong><\/p>\n<ul>\n<li><strong>Modulo di Richiesta di Trascrizione in Italia del certificato di nascita di un minore<\/strong> (<a href=\"https:\/\/conslosangeles.esteri.it\/wp-content\/uploads\/2023\/10\/01-BIRTH-Modulo-richiesta-trascrizione-NASCITA.pdf\">cliccare qui<\/a>);<\/li>\n<li><strong>Per le nascite di minorenni avvenute negli stati di:<\/strong><\/li>\n<\/ul>\n<ul>\n<li style=\"list-style-type: none;\">\n<ul>\n<li><a href=\"https:\/\/conslosangeles.esteri.it\/it\/servizi-consolari-e-visti\/servizi-per-il-cittadino-italiano\/stato-civile\/nascite\/nascite-avvenute-negli-stati-di-arizona-california-nevada\/\"><strong>ARIZONA, CALIFORNIA, NEVADA (clicca qui)<\/strong><\/a><\/li>\n<li><a href=\"https:\/\/conslosangeles.esteri.it\/it\/servizi-consolari-e-visti\/servizi-per-il-cittadino-italiano\/stato-civile\/nascite\/nascite-avvenute-nello-stato-del-new-mexico\/\"><strong>NEW MEXICO (clicca qui)<\/strong><\/a><\/li>\n<li><strong>Per i certificati non formati nella circoscrizione consolare del Consolato Generale d\u2019Italia a Los Angeles<\/strong>\u00a0si raccomanda di verificare sempre la correttezza della documentazione con il Consolato italiano territorialmente competente per emissione dell\u2019atto consultando il sito web. La procedura da seguire pu\u00f2 variare in base al Paese in cui l\u2019atto \u00e8 stato rilasciato, secondo gli accordi in vigore con il Paese in questione.\u00a0<a href=\"https:\/\/www.esteri.it\/it\/ministero\/struttura\/laretediplomatica\/\">Trova il tuo consolato competente qui.<\/a><br \/>\n<em>Esempio:<\/em> Per atto di nascita emesso a Buenos Aires (Argentina), verificare il sito web del Consolato Generale italiano a Buenos Aires.<br \/>\nPer atto di nascita emesso a New York (USA), verificare il sito web del Consolato Generale italiano a New York.<\/li>\n<\/ul>\n<\/li>\n<\/ul>\n<ul>\n<li>Documentazione comprovante il possesso esclusivo della cittadinanza italiana dei genitori\/nonni o di residenza in Italia del genitore come indicato ai punti\u00a0<a href=\"https:\/\/conslosangeles.esteri.it\/it\/servizi-consolari-e-visti\/servizi-per-il-cittadino-italiano\/stato-civile\/nascite\/punto-2-documentazione-comprovante-il-possesso-esclusivo-della-cittadinanza-italiana-di-genitori-nonni\/\"><strong>2<\/strong><\/a>\u00a0e\u00a0<strong><a href=\"https:\/\/conslosangeles.esteri.it\/it\/servizi-consolari-e-visti\/servizi-per-il-cittadino-italiano\/stato-civile\/nascite\/punto-3-documentazione-comprovante-la-residenza-in-italia-per-almeno-due-anni-continuativi-successivamente-allacquisto-della-cittadinanza-italiana-e-prima-della-data-di-nascita-del-figlio-a\/\"><span style=\"text-decoration: underline;\">3<\/span><\/a>\u00a0<\/strong>della pagina precedente.<\/li>\n<\/ul>\n<p>Per i nati all\u2019estero \u00e8 necessario che il certificato di nascita venga registrato (trascritto) presso il Comune di iscrizione <a href=\"https:\/\/conslosangeles.esteri.it\/it\/servizi-consolari-e-visti\/servizi-per-il-cittadino-italiano\/anagrafe-degli-italiani-residenti-allestero-aire\/\">AIRE<\/a> di uno dei genitori italiani.<\/p>\n<p>La trasmissione del certificato di nascita al Comune comporta anche l\u2019automatica iscrizione anagrafica del minore, per il quale non \u00e8 necessario presentare separatamente la richiesta di iscrizione AIRE.<\/p>\n<p><span style=\"color: #ff0000;\"><strong>Trascrizione atto di nascita<\/strong>: e&#8217; possibile richiedere la trascrizione dell\u2019atto di nascita solo se <strong>TUTTI GLI ATTI DI STATO CIVILE PRECEDENTI<\/strong> (eventuali <a href=\"https:\/\/conslosangeles.esteri.it\/it\/servizi-consolari-e-visti\/servizi-per-il-cittadino-italiano\/stato-civile\/trascizione-matrimonio\/\">matrimoni<\/a> e <a href=\"https:\/\/conslosangeles.esteri.it\/it\/servizi-consolari-e-visti\/servizi-per-il-cittadino-italiano\/stato-civile\/trascrizione-divorzio\/\">divorzi<\/a> del\/dei genitore\/i italiano\/i) sono gi\u00e0 stati presentati per la loro relativa trascrizione in Italia.<\/span><\/p>\n<p><strong>NOTA BENE<\/strong>:<\/p>\n<ul>\n<li>Prima di presentare o inviare un certificato, si prega di controllare \u00a0<strong>ATTENTAMENTE<\/strong> generalit\u00e0, luogo e data di nascita degli interessati con le autorit\u00e0 estere competenti. In caso di errori, sar\u00e0 necessario richiedere le correzioni all\u2019ufficio che ha emesso l\u2019atto.<\/li>\n<\/ul>\n<p><strong><br \/>\nINFORMAZIONI SU CERTIFICATO DI NASCITA CERTIFIED COPY &#8211; LONG FORM:<\/strong><\/p>\n<p>Per ottenere certificati di Stato Civile emessi nella nostra giurisdizione: <a href=\"https:\/\/conslosangeles.esteri.it\/it\/servizi-consolari-e-visti\/servizi-per-il-cittadino-italiano\/altri-servizi\/albo-consolare\/county-recorder-county-clerk\/\">clicca qui<\/a><\/p>\n<table>\n<tbody>\n<tr>\n<td width=\"312\"><strong><em>Che cos\u2019e\u2019 una certified copy?<\/em><\/strong><\/td>\n<td width=\"312\"><strong><em>Che cos\u2019e\u2019 un certificato in versione \u201cLong Form\u201d?<\/em><\/strong><\/td>\n<\/tr>\n<tr>\n<td width=\"312\">Una &#8220;certified copy&#8221; di un certificato americano \u00e8 una copia ufficiale di un documento, come un certificato di nascita, di matrimonio o di morte, che \u00e8 stata autenticata da un ente competente. Questa copia \u00e8 considerata legalmente valida e identica all&#8217;originale.Per ottenere una certified copy, \u00e8 necessario richiederla all&#8217;ufficio che ha emesso il certificato originale. La certified copy \u00e8 spesso usata per scopi legali, burocratici o di identificazione, poich\u00e9 fornisce la stessa validit\u00e0 dell&#8217;originale.<\/td>\n<td width=\"312\">Un certificato americano in versione &#8220;long form&#8221; \u00e8 una copia dettagliata di un certificato di nascita, di morte o di matrimonio. Rispetto alla versione &#8220;short form&#8221;\/\u201dAbstract\u201d, che contiene solo le informazioni essenziali dell\u2019intestatario dell\u2019atto, la versione &#8220;long form&#8221; include informazioni aggiuntive come i nomi dei genitori, il luogo di nascita, nome dei genitori degli sposi per certificati di matrimonio, chi ha firmato l\u2019atto etc. Questa versione \u00e8 spesso richiesta per scopi legali, come la richiesta di un passaporto o per altri documenti ufficiali.<br \/>\n<strong>NOTA BENE:<\/strong> Per la richiesta di trascrizione dei documenti in Italia NON si accettano versioni short form o abstract.<\/td>\n<\/tr>\n<\/tbody>\n<\/table>\n<p><strong>APOSTILLE<\/strong>:<\/p>\n<ul>\n<li>L\u2019Apostille si pu\u00f2 richiedere al Secretary of State dello Stato nel quale il documento \u00e8 stato rilasciato (ad esempio, se il certificato di nascita e\u2019 stato rilasciato dal Department of Health della California, l\u2019apostille va richiesta al Secretary of State della California).<\/li>\n<li>L\u2019apostille NON va tradotta in italiano<\/li>\n<li>Contatti utili per ottenere l&#8217;Apostille nella nostra giurisdizione: <a href=\"https:\/\/conslosangeles.esteri.it\/it\/servizi-consolari-e-visti\/servizi-per-il-cittadino-italiano\/altri-servizi\/albo-consolare\/secretary-of-state\/\">clicca qui\u00a0<\/a><\/li>\n<li>Il seguente link riporta alcune informazioni utili e i contatti dei Secretary of State degli Stati USA coperti da questa giurisdizione consolare: <a href=\"https:\/\/conslosangeles.esteri.it\/wp-content\/uploads\/2024\/12\/APOSTILLE-INFORMATION-What-is-an-Apostille-v.11.12.2024.pdf\">clicca qui<\/a><\/li>\n<\/ul>\n<p><strong>TRADUZIONI<\/strong><\/p>\n<ul>\n<li>La traduzione deve essere integrale, deve rispettare l\u2019ordine dei campi e dei dati riportati sull\u2019originale, deve essere dattiloscritta e non deve riportare conversioni di pesi e\/o misure. Traduzioni non rispondenti ai requisiti NON saranno accettate.<\/li>\n<li>Il richiedente pu\u00f2 effettuare la traduzione del certificato di nascita.<\/li>\n<li>In alternativa, ci si puo\u2019 rivolgere ad un traduttore. Una\u00a0<a href=\"https:\/\/conslosangeles.esteri.it\/it\/servizi-consolari-e-visti\/servizi-per-il-cittadino-italiano\/altri-servizi\/albo-consolare\/traduttori-di-riferimento-translators-reference-list\/\">lista di traduttori<\/a> si puo\u2019 trovare sul sito internet ufficiale del Consolato Generale d\u2019Italia \u2013 Los Angeles (si fa presente che tali traduttori NON sono impiegati Consolari e che il Consolato NON e\u2019 responsabile della qualita\u2019 del lavoro svolto e delle tariffe applicate).<\/li>\n<\/ul>\n<p><strong>INFORMAZIONI UTILI:<\/strong><\/p>\n<p><strong>Come richiede un certificato in Italia: <a href=\"https:\/\/conslosangeles.esteri.it\/it\/servizi-consolari-e-visti\/servizi-per-il-cittadino-italiano\/stato-civile\/nascite\/come-richiede-un-certificato-in-italia\/\">clicca qui<\/a><\/strong><\/p>\n<p>&nbsp;<\/p>\n<p><strong>CONSEGNA DOCUMENTI<\/strong><\/p>\n<div class=\"responsive\">\n<table class=\"table table-bordered table-sm export-table\" width=\"736\">\n<tbody>\n<tr class=\"thead-light\">\n<td colspan=\"2\" width=\"623\"><strong>Per le registrazioni di atti di Stato Civile, NON \u00e8 necessario fissare un appuntamento, \u00e8 sufficiente inviare per posta o presentare di persona la documentazione<\/strong>\u00a0all\u2019attenzione dell\u2019Ufficio Stato Civile:<\/td>\n<\/tr>\n<tr>\n<td width=\"312\"><strong>Via posta (USPS \u2013 FEDEX \u2013 UPS)<\/strong><\/td>\n<td width=\"312\"><strong>In persona<\/strong><\/td>\n<\/tr>\n<tr>\n<td width=\"312\">CONSULATE GENERAL OF ITALY<br \/>\nVITAL RECORDS OFFICE<br \/>\n12424 Wilshire Blvd. Suite 1400;<br \/>\nLos Angeles, CA 90025<\/td>\n<td width=\"312\">Durante L\u2019orario di apertura al pubblico, presso la\u00a0<em>dropbox<\/em>\u00a0situata nella\u00a0<em>mailroom<\/em>\u00a0\u00a0\u2013 Livello P1 del nostro stabile<\/td>\n<\/tr>\n<\/tbody>\n<\/table>\n<\/div>\n<p><strong>I documenti originali presentati NON possono essere restituiti.<\/strong><\/p>\n<p>&nbsp;<\/p>\n<p><strong>CASO PARTICOLARE: Maternita\u2019 Surrogata <a href=\"https:\/\/conslosangeles.esteri.it\/it\/servizi-consolari-e-visti\/servizi-per-il-cittadino-italiano\/stato-civile\/maternita-surrogata\/\" target=\"_blank\" rel=\"noopener\">(clicca qui)<\/a><\/strong><\/p>\n<p>&nbsp;<\/p>\n<div class=\"entry-content\">\n<div class=\"responsive\">\n<table class=\"table table-bordered table-sm export-table\">\n<tbody>\n<tr class=\"thead-light\">\n<td width=\"623\"><strong><span style=\"color: #339966;\">Registrazione di figli minori NATI FUORI O PRIMA DEL MATRIMONIO<\/span><br \/>\n<\/strong><br \/>\nI genitori che\u00a0<strong>NON<\/strong>\u00a0erano sposati al momento della nascita del minore, oltre alla documentazione di nascita sopra elencata, devono presentare il\u00a0<strong>documento di riconoscimento di paternit\u00e0\/maternit\u00e0<\/strong>\u00a0(esempio \u201c<a href=\"https:\/\/conslosangeles.esteri.it\/wp-content\/uploads\/2024\/12\/DECLARATION-OF-PATERNITY-CA-sample.pdf\">Declaration of Paternity\/Paternage<\/a>\u201d) rilasciato dal \u201cDepartment of Child Support Service\u201d: esso viene solitamente compilato e firmato nella struttura ospedaliera da entrambi i genitori non sposati e viene poi registrato assieme alla nascita presso l\u2019ufficio di stato civile locale. \u00c8 quindi reperibile presso gli stessi uffici dove si richiedono i certificati di nascita. La Dichiarazione di Paternit\u00e0 dovr\u00e0 essere corredata anch\u2019essa da\u00a0<strong>Apostille<\/strong>\u00a0e\u00a0<strong>traduzione<\/strong>\u00a0in italiano. Qualora non fosse disponibile tale dichiarazione di paternit\u00e0 e se il figlio e\u2019 minorenne, e\u2019 possibile effettuare il riconoscimento attraverso una dichiarazione dei genitori presso i nostri uffici consolari. Per maggiori informazioni\u00a0 si invita a inviare una email al seguente indirizzo:\u00a0<a href=\"mailto:statocivile.losangeles@esteri.it\">statocivile.losangeles@esteri.it<\/a>, specificando i dati del minore e dei genitori.<\/td>\n<\/tr>\n<\/tbody>\n<\/table>\n<\/div>\n<\/div>\n<footer class=\"entry-footer\">\n<div class=\"row\">\n<div class=\"col-lg-12\">\n<div class=\"callout callout-more note page-approfondimenti\">\n<div class=\"callout-title\">Approfondimenti<\/div>\n<\/div>\n<\/div>\n<\/div>\n<\/footer>\n","protected":false},"excerpt":{"rendered":"LISTA DOCUMENTI (TUTTI OBBLIGATORI come indicati) Modulo di Richiesta di Trascrizione in Italia del certificato di nascita di un minore (cliccare qui); Per le nascite di minorenni avvenute negli stati di: ARIZONA, CALIFORNIA, NEVADA (clicca qui) NEW MEXICO (clicca qui) Per i certificati non formati nella circoscrizione consolare del Consolato Generale d\u2019Italia a Los Angeles\u00a0si [&hellip;]","protected":false},"author":3,"featured_media":0,"parent":573,"menu_order":3,"comment_status":"closed","ping_status":"closed","template":"","meta":{"footnotes":""},"class_list":["post-8471","page","type-page","status-publish","hentry"],"_links":{"self":[{"href":"https:\/\/conslosangeles.esteri.it\/it\/wp-json\/wp\/v2\/pages\/8471","targetHints":{"allow":["GET"]}}],"collection":[{"href":"https:\/\/conslosangeles.esteri.it\/it\/wp-json\/wp\/v2\/pages"}],"about":[{"href":"https:\/\/conslosangeles.esteri.it\/it\/wp-json\/wp\/v2\/types\/page"}],"author":[{"embeddable":true,"href":"https:\/\/conslosangeles.esteri.it\/it\/wp-json\/wp\/v2\/users\/3"}],"replies":[{"embeddable":true,"href":"https:\/\/conslosangeles.esteri.it\/it\/wp-json\/wp\/v2\/comments?post=8471"}],"version-history":[{"count":6,"href":"https:\/\/conslosangeles.esteri.it\/it\/wp-json\/wp\/v2\/pages\/8471\/revisions"}],"predecessor-version":[{"id":8544,"href":"https:\/\/conslosangeles.esteri.it\/it\/wp-json\/wp\/v2\/pages\/8471\/revisions\/8544"}],"up":[{"embeddable":true,"href":"https:\/\/conslosangeles.esteri.it\/it\/wp-json\/wp\/v2\/pages\/573"}],"wp:attachment":[{"href":"https:\/\/conslosangeles.esteri.it\/it\/wp-json\/wp\/v2\/media?parent=8471"}],"curies":[{"name":"wp","href":"https:\/\/api.w.org\/{rel}","templated":true}]}}