{"id":8216,"date":"2025-07-01T14:12:53","date_gmt":"2025-07-01T21:12:53","guid":{"rendered":"https:\/\/conslosangeles.esteri.it\/?page_id=8216"},"modified":"2025-07-09T10:14:39","modified_gmt":"2025-07-09T17:14:39","slug":"riacquisto-della-cittadinanza-italiana-a-favore-di-ex-cittadini-ai-sensi-dellart-17-comma-1-della-legge-91-1992","status":"publish","type":"page","link":"https:\/\/conslosangeles.esteri.it\/it\/servizi-consolari-e-visti\/servizi-per-il-cittadino-straniero\/cittadinanza\/riacquisto-cittadinanza-italiana\/riacquisto-della-cittadinanza-italiana-a-favore-di-ex-cittadini-ai-sensi-dellart-17-comma-1-della-legge-91-1992\/","title":{"rendered":"Riacquisto della cittadinanza italiana a favore di ex cittadini, ai sensi dell\u2019art. 17, comma 1 della legge 91\/1992"},"content":{"rendered":"<p>La Legge 74\/2025, di conversione del Decreto Legge 36\/2025, ha modificato l\u2019art. 17, comma 1 della Legge 91\/1992, prevedendo la possibilit\u00e0, per ex cittadini italiani, in determinati casi e per un periodo di tempo limitato (tra il 1\u00b0 luglio 2025 e il 31 dicembre 2027), di riacquistare la cittadinanza italiana rendendo una apposita dichiarazione.<\/p>\n<p>In particolare, tale possibilit\u00e0 \u00e8 prevista per chi \u00e8\u00a0<strong>nato in Italia<\/strong>\u00a0oppure \u00e8 stato\u00a0<strong>residente in Italia per almeno due anni continuativi<\/strong>\u00a0e ha\u00a0<strong>perduto la cittadinanza prima dell\u2019entrata in vigore della Legge 91\/1992<\/strong>\u00a0(quindi prima del 16 agosto 1992) in uno dei seguenti casi:<\/p>\n<ul>\n<li>ha volontariamente acquistato una cittadinanza straniera prima del 16 agosto 1992 e ha stabilito all\u2019estero la propria residenza (art. 8 n. 1 Legge 555\/1912);<\/li>\n<li>avendo acquistato senza concorso di volont\u00e0 propria una cittadinanza straniera, ha rinunciato alla cittadinanza italiana e ha stabilito la propria residenza all\u2019estero (art. 8 n. 2 Legge 555\/1912);<\/li>\n<li>essendo figlio minore non emancipato di chi ha perso la cittadinanza, aveva in comune con il genitore la residenza e ha acquistato la cittadinanza di uno Stato straniero (art. 12 Legge 555\/1912).<\/li>\n<\/ul>\n<p>La possibilit\u00e0 di rendere la dichiarazione di riacquisto non \u00e8, pertanto, prevista per ex cittadini italiani nati all\u2019estero che non sono stati residenti in Italia per almeno due anni continuativi o per chi ha perso, per qualsiasi motivo, la cittadinanza italiana dal 16 agosto 1992.<\/p>\n<p><strong>La dichiarazione di riacquisto da parte dell\u2019ex cittadino pu\u00f2 essere presentata tra il 1\u00b0 luglio 2025 e il 31 dicembre 2027.<\/strong><\/p>\n<p>Per poter rendere la dichiarazione di riacquisto, l\u2019ex cittadino italiano dovr\u00e0 contattare l\u2019ufficio cittadinanza del Consolato Generale all\u2019indirizzo\u00a0<a href=\"mailto:losangeles.cittadinanza@esteri.it\">losangeles.cittadinanza@esteri.it<\/a> \u00a0 inviando una comunicazione ad oggetto \u201cDichiarazione di riacquisto ex art. 17 comma 1 Legge 91\/1992\u201d e allegando, in formato PDF, i documenti sotto elencati:<\/p>\n<ul>\n<li><a href=\"https:\/\/conslosangeles.esteri.it\/wp-content\/uploads\/2025\/07\/Modello_Richiesta_Art-17-Los-Angeles.docx\">Formulario di richiesta<\/a>;<\/li>\n<li>Documento di identit\u00e0 in corso di validit\u00e0, emesso dal Paese di attuale cittadinanza;<\/li>\n<li>Prova di residenza nella circoscrizione consolare (bolletta di utenza, patente di guida o carta d\u2019identit\u00e0 emessa dallo Stato di residenza);<\/li>\n<li><span style=\"text-decoration: underline;\"><strong>Estratto\u00a0dell\u2019atto di nascita<\/strong><\/span> rilasciato, negli\u00a0<strong>ultimi sei mesi<\/strong>, dal Comune in Italia ove la nascita \u00e8 stata registrata (obbligatorio &#8211; da richiedere personalmente dal richiedente al Comune di nascita);<\/li>\n<li>Qualora coniugato, copia del certificato di matrimonio;<\/li>\n<li>Solo per i nati all\u2019estero, certificato storico di residenza, atto a dimostrare la residenza in Italia per almeno due anni consecutivi, emesso negli\u00a0<strong>ultimi sei mesi<\/strong>\u00a0dal Comune di ultima residenza in Italia;<\/li>\n<li>Copia dell\u2019ultimo passaporto italiano (ove disponibile);<\/li>\n<li><span style=\"text-decoration: underline;\"><strong>Certificato storico di cittadinanza<\/strong><\/span>, atto a confermare il precedente possesso della cittadinanza italiana, emesso negli\u00a0<strong>ultimi sei mesi<\/strong> dal Comune di ultima residenza in Italia (obbligatorio &#8211; da richiedere personalmente dal richiedente al Comune di ultima residenza);<\/li>\n<li>Certificato di naturalizzazione statunitense. Nel caso in cui la naturalizzazione sia avvenuta durante la minore et\u00e0 dell\u2019interessato, sar\u00e0 necessario produrre anche certificato di nascita e certificato di naturalizzazione o carta verde dei genitori.<\/li>\n<\/ul>\n<p>L\u2019ufficio cittadinanza,\u00a0verificato che la suddetta documentazione, anticipata via email, \u00e8\u00a0<strong>corretta e completa<\/strong>, comunicher\u00e0 un appuntamento all\u2019interessato per rendere la dichiarazione di riacquisto in base all\u2019art. 17 comma 1 Legge 91\/1992.<\/p>\n<p>La dichiarazione sar\u00e0 resa dall\u2019interessato personalmente in Consolato.<\/p>\n<p>Il giorno dell\u2019appuntamento l\u2019interessato dovr\u00e0 presentare la documentazione originale e una copia della stessa nonch\u00e9 il pagamento, tramite money order intestato al Consolato Generale d\u2019Italia a Los Angeles, del diritto consolare di \u20ac 250. Per l\u2019importo in USD, si prega di consultare la\u00a0<a href=\"https:\/\/conslosangeles.esteri.it\/it\/servizi-consolari-e-visti\/servizi-per-il-cittadino-italiano\/altri-servizi\/albo-consolare\/estratto-tabella-diritti-consolari\/\">tabella consolare <strong>RIACQUISTO CITTADINANZA (ART. 07c)<\/strong><\/a>.<\/p>\n<p>Il riacquisto, laddove ne ricorrano i presupposti, avr\u00e0 effetto dal giorno successivo alla dichiarazione.<\/p>\n","protected":false},"excerpt":{"rendered":"La Legge 74\/2025, di conversione del Decreto Legge 36\/2025, ha modificato l\u2019art. 17, comma 1 della Legge 91\/1992, prevedendo la possibilit\u00e0, per ex cittadini italiani, in determinati casi e per un periodo di tempo limitato (tra il 1\u00b0 luglio 2025 e il 31 dicembre 2027), di riacquistare la cittadinanza italiana rendendo una apposita dichiarazione. In [&hellip;]","protected":false},"author":3,"featured_media":0,"parent":996,"menu_order":7,"comment_status":"closed","ping_status":"closed","template":"","meta":{"footnotes":""},"class_list":["post-8216","page","type-page","status-publish","hentry"],"_links":{"self":[{"href":"https:\/\/conslosangeles.esteri.it\/it\/wp-json\/wp\/v2\/pages\/8216","targetHints":{"allow":["GET"]}}],"collection":[{"href":"https:\/\/conslosangeles.esteri.it\/it\/wp-json\/wp\/v2\/pages"}],"about":[{"href":"https:\/\/conslosangeles.esteri.it\/it\/wp-json\/wp\/v2\/types\/page"}],"author":[{"embeddable":true,"href":"https:\/\/conslosangeles.esteri.it\/it\/wp-json\/wp\/v2\/users\/3"}],"replies":[{"embeddable":true,"href":"https:\/\/conslosangeles.esteri.it\/it\/wp-json\/wp\/v2\/comments?post=8216"}],"version-history":[{"count":4,"href":"https:\/\/conslosangeles.esteri.it\/it\/wp-json\/wp\/v2\/pages\/8216\/revisions"}],"predecessor-version":[{"id":8268,"href":"https:\/\/conslosangeles.esteri.it\/it\/wp-json\/wp\/v2\/pages\/8216\/revisions\/8268"}],"up":[{"embeddable":true,"href":"https:\/\/conslosangeles.esteri.it\/it\/wp-json\/wp\/v2\/pages\/996"}],"wp:attachment":[{"href":"https:\/\/conslosangeles.esteri.it\/it\/wp-json\/wp\/v2\/media?parent=8216"}],"curies":[{"name":"wp","href":"https:\/\/api.w.org\/{rel}","templated":true}]}}