{"id":636,"date":"2023-07-13T11:21:08","date_gmt":"2023-07-13T18:21:08","guid":{"rendered":"https:\/\/conslosangeles.esteri.it\/?page_id=636"},"modified":"2026-01-05T15:33:30","modified_gmt":"2026-01-05T22:33:30","slug":"morte","status":"publish","type":"page","link":"https:\/\/conslosangeles.esteri.it\/it\/servizi-consolari-e-visti\/servizi-per-il-cittadino-italiano\/stato-civile\/morte\/","title":{"rendered":"Decessi"},"content":{"rendered":"<p><strong>Trascrizione in Italia di decessi avvenuti all&#8217;estero<\/strong><\/p>\n<p>Ufficio Stato Civile<br \/>\nEmail:\u00a0<a href=\"mailto:statocivile.losangeles@esteri.it\">statocivile.losangeles@esteri.it<\/a><br \/>\n<a href=\"https:\/\/conslosangeles.esteri.it\/it\/chi-siamo\/\">Aree di competenza: Arizona, Sud California, Nevada, New Mexico<\/a><\/p>\n<div class=\"responsive\">\n<p>&nbsp;<\/p>\n<table class=\"table table-bordered table-sm export-table\" width=\"736\">\n<tbody>\n<tr class=\"thead-light\">\n<td style=\"text-align: center;\" colspan=\"2\" width=\"623\"><strong>Per le registrazioni di atti di Stato Civile, NON \u00e8 necessario fissare un appuntamento, \u00e8 sufficiente inviare per posta o presentare di persona la documentazione<\/strong>\u00a0all\u2019attenzione dell\u2019Ufficio Stato Civile:<\/td>\n<\/tr>\n<tr>\n<td style=\"text-align: center;\" width=\"312\"><strong>Via posta (USPS \u2013 FEDEX \u2013 UPS)<\/strong><\/td>\n<td width=\"312\">\n<p style=\"text-align: center;\"><strong>In persona<\/strong><\/p>\n<\/td>\n<\/tr>\n<tr>\n<td style=\"text-align: center;\" width=\"312\">CONSULATE GENERAL OF ITALY<br \/>\nVITAL RECORDS OFFICE<br \/>\n12424 Wilshire Blvd. Suite 1400;<br \/>\nLos Angeles, CA 90025<\/td>\n<td style=\"text-align: center;\" width=\"312\">Durante L\u2019orario di apertura al pubblico, presso la\u00a0<em>dropbox<\/em>\u00a0situata nella\u00a0<em>mailroom<\/em>\u00a0\u00a0\u2013 Livello P1 del nostro stabile<\/td>\n<\/tr>\n<\/tbody>\n<\/table>\n<\/div>\n<p>&nbsp;<\/p>\n<p>Il certificato di morte di un cittadino italiano, anche di colui\/colei che \u00e8 nato\/a in Italia e si \u00e8 poi naturalizzato\/a, deve essere sempre trascritto in Italia presso il Comune di ultima residenza.<\/p>\n<p>Tutte le pratiche amministrative e legali che fanno seguito ad un decesso, quali ad esempio la dichiarazione di successione, le variazioni catastali, la riscossione di somme depositate in conti bancari o postali, la richiesta di ratei di pensione e cos\u00ec via, possono essere avviate solo a seguito dell\u2019avvenuta trascrizione del decesso. Per maggiori informazioni si prega di inviare una email a:\u00a0<a href=\"mailto:notarile.losangeles@esteri.it\">notarile.losangeles@esteri.it<\/a><\/p>\n<p>Questo Consolato Generale trasmette i certificati di morte dei cittadini italiani anche non residenti, qualora il decesso sia avvenuto nel territorio di competenza di questa Sede.<\/p>\n<p><strong>NOTA BENE<\/strong>:<\/p>\n<ul>\n<li>Prima di presentare o inviare un certificato, si prega di controllare \u00a0<strong>ATTENTAMENTE<\/strong>\u00a0generalit\u00e0, luogo e data di nascita degli interessati con le autorit\u00e0 estere competenti. In caso di errori, sar\u00e0 necessario richiedere le correzioni all\u2019ufficio che ha emesso l\u2019atto;<\/li>\n<li><strong><u>Per i certificati non formati nella circoscrizione consolare del Consolato Generale d\u2019Italia a Los Angeles<\/u><\/strong>\u00a0si raccomanda di verificare sempre la correttezza della documentazione con il Consolato italiano territorialmente competente per emissione dell\u2019atto consultando il sito web. La procedura da seguire pu\u00f2 variare in base al Paese in cui l\u2019atto \u00e8 stato rilasciato, secondo gli accordi in vigore con il Paese in questione.\u00a0<a href=\"https:\/\/www.esteri.it\/it\/ministero\/struttura\/laretediplomatica\/\" data-focus-mouse=\"false\">Trova il tuo consolato competente qui.<\/a><br \/>\nEsempio: Per un atto di matrimonio emesso a\u00a0<u>Buenos Aires (Argentina)<\/u>, verificare il sito web del\u00a0<u>Consolato Generale italiano a Buenos Aires<\/u><\/li>\n<\/ul>\n<p><strong><br \/>\n<\/strong>I documenti da presentare sono i seguenti:<strong><br \/>\n<\/strong><\/p>\n<p>1) <strong>Modulo di Richiesta di Trascrizione in Italia del certificato di morte <\/strong>(<a href=\"https:\/\/conslosangeles.esteri.it\/wp-content\/uploads\/2023\/07\/07-Modulo-Trascizione-Morte.pdf\">cliccare qui<\/a>);<\/p>\n<p>2) Certified Copy del\u00a0<strong>CERTIFICATO DI MORTE <\/strong>(\u201cCertificate of Death\u201d) in formato \u201cLong Form\u201d, emesso dalle autorit\u00e0 locali competenti (<a href=\"https:\/\/conslosangeles.esteri.it\/it\/servizi-consolari-e-visti\/servizi-per-il-cittadino-italiano\/altri-servizi\/albo-consolare\/county-recorder-county-clerk\/\">County Clerk Office<\/a>);<\/p>\n<p>3) <a href=\"https:\/\/conslosangeles.esteri.it\/wp-content\/uploads\/2024\/12\/APOSTILLE-INFORMATION-What-is-an-Apostille-v.11.12.2024.pdf\"><strong>Apostille\u00a0<\/strong><\/a>(Dichiarazione di validit\u00e0 internazionale) \u00a0da richiedere solo per il certificato di morte rilasciata dal \u201cSecretary of State\u201d dello Stato in cui e\u2019 avvenuto il decesso (<a href=\"https:\/\/conslosangeles.esteri.it\/it\/servizi-consolari-e-visti\/servizi-per-il-cittadino-italiano\/altri-servizi\/albo-consolare\/secretary-of-state\/\">elenco Segretari di Stato<\/a>).\u00a0l\u2019Apostille non necessita di traduzione;<\/p>\n<p>4) <strong>Traduzione<\/strong>\u00a0in italiano del certificato, integrale, dattiloscritta e fedele all\u2019originale in tutte le sue parti (<a href=\"https:\/\/conslosangeles.esteri.it\/it\/servizi-consolari-e-visti\/servizi-per-il-cittadino-italiano\/altri-servizi\/albo-consolare\/traduttori-di-riferimento-translators-reference-list\/\">elenco Traduttori<\/a>). Il formato delle date deve essere di tipo\u00a0<strong>europeo<\/strong>:\u00a0<em>giorno\/mese\/anno<\/em>;<\/p>\n<p>5) Fotocopia del passaporto italiano del deceduto.<\/p>\n","protected":false},"excerpt":{"rendered":"Trascrizione in Italia di decessi avvenuti all&#8217;estero Ufficio Stato Civile Email:\u00a0statocivile.losangeles@esteri.it Aree di competenza: Arizona, Sud California, Nevada, New Mexico &nbsp; Per le registrazioni di atti di Stato Civile, NON \u00e8 necessario fissare un appuntamento, \u00e8 sufficiente inviare per posta o presentare di persona la documentazione\u00a0all\u2019attenzione dell\u2019Ufficio Stato Civile: Via posta (USPS \u2013 FEDEX \u2013 [&hellip;]","protected":false},"author":3,"featured_media":0,"parent":86,"menu_order":7,"comment_status":"closed","ping_status":"closed","template":"","meta":{"footnotes":""},"class_list":["post-636","page","type-page","status-publish","hentry"],"_links":{"self":[{"href":"https:\/\/conslosangeles.esteri.it\/it\/wp-json\/wp\/v2\/pages\/636","targetHints":{"allow":["GET"]}}],"collection":[{"href":"https:\/\/conslosangeles.esteri.it\/it\/wp-json\/wp\/v2\/pages"}],"about":[{"href":"https:\/\/conslosangeles.esteri.it\/it\/wp-json\/wp\/v2\/types\/page"}],"author":[{"embeddable":true,"href":"https:\/\/conslosangeles.esteri.it\/it\/wp-json\/wp\/v2\/users\/3"}],"replies":[{"embeddable":true,"href":"https:\/\/conslosangeles.esteri.it\/it\/wp-json\/wp\/v2\/comments?post=636"}],"version-history":[{"count":7,"href":"https:\/\/conslosangeles.esteri.it\/it\/wp-json\/wp\/v2\/pages\/636\/revisions"}],"predecessor-version":[{"id":7051,"href":"https:\/\/conslosangeles.esteri.it\/it\/wp-json\/wp\/v2\/pages\/636\/revisions\/7051"}],"up":[{"embeddable":true,"href":"https:\/\/conslosangeles.esteri.it\/it\/wp-json\/wp\/v2\/pages\/86"}],"wp:attachment":[{"href":"https:\/\/conslosangeles.esteri.it\/it\/wp-json\/wp\/v2\/media?parent=636"}],"curies":[{"name":"wp","href":"https:\/\/api.w.org\/{rel}","templated":true}]}}