{"id":626,"date":"2023-07-13T11:05:53","date_gmt":"2023-07-13T18:05:53","guid":{"rendered":"https:\/\/conslosangeles.esteri.it\/?page_id=626"},"modified":"2025-01-06T15:28:14","modified_gmt":"2025-01-06T22:28:14","slug":"trascrizione-divorzio","status":"publish","type":"page","link":"https:\/\/conslosangeles.esteri.it\/it\/servizi-consolari-e-visti\/servizi-per-il-cittadino-italiano\/stato-civile\/trascrizione-divorzio\/","title":{"rendered":"Divorzi"},"content":{"rendered":"<p><strong>Trascrizione <\/strong><strong>in Italia di sentenze di divorzio pronunciate all\u2019estero<\/strong><\/p>\n<p>Ufficio Stato Civile<br \/>\nEmail:\u00a0<a href=\"mailto:statocivile.losangeles@esteri.it\">statocivile.losangeles@esteri.it<\/a><br \/>\n<a href=\"https:\/\/conslosangeles.esteri.it\/it\/chi-siamo\/\">Aree di competenza: Arizona, Sud California, Nevada, New Mexico<\/a><\/p>\n<p>&nbsp;<\/p>\n<div class=\"responsive\">\n<table class=\"table table-bordered table-sm export-table\">\n<tbody>\n<tr class=\"thead-light\">\n<td style=\"text-align: center;\" colspan=\"2\" width=\"623\"><strong>Per le registrazioni di atti di Stato Civile, NON \u00e8 necessario fissare un appuntamento, \u00e8 sufficiente inviare per posta o presentare di persona la documentazione<\/strong>\u00a0all\u2019attenzione dell\u2019Ufficio Stato Civile:<\/td>\n<\/tr>\n<tr>\n<td style=\"text-align: center;\" width=\"312\"><strong>Via posta (USPS \u2013 FEDEX \u2013 UPS)<\/strong><\/td>\n<td style=\"text-align: center;\" width=\"312\"><strong>In persona<\/strong><\/td>\n<\/tr>\n<tr>\n<td style=\"text-align: center;\" width=\"312\">CONSULATE GENERAL OF ITALY<br \/>\nVITAL RECORDS OFFICE<br \/>\n12424 Wilshire Blvd. Suite 1400;<br \/>\nLos Angeles, CA 90025<\/td>\n<td style=\"text-align: center;\" width=\"312\">Durante L\u2019orario di apertura al pubblico, presso la\u00a0<em>dropbox<\/em>\u00a0situata nella\u00a0<em>mailroom<\/em>\u00a0\u00a0\u2013 Livello P1 del nostro stabile<\/td>\n<\/tr>\n<\/tbody>\n<\/table>\n<\/div>\n<p>&nbsp;<\/p>\n<p>Un divorzio avvenuto all\u2019estero diviene efficace in Italia solo dopo essere stato trascritto nei registri di stato civile del competente Comune.<\/p>\n<p>Per essere trascritto, il divorzio avvenuto all\u2019estero deve rispettare determinati requisiti richiesti dalla normativa Italiana.<\/p>\n<p>Le sentenze di divorzio dei tribunali USA presentano in genere le caratteristiche richieste dalla legge italiana e vengono di norma trascritte. Tuttavia la decisione finale sulla trascrizione spetta all\u2019ufficiale di stato civile del Comune.<\/p>\n<p>Per i matrimoni celebrati in Italia la sentenza di divorzio viene trascritta dallo stesso Comune ove \u00e8 avvenuto il matrimonio. Per i matrimoni celebrati all\u2019estero il divorzio viene trascritto dai Comuni dove \u00e8 avvenuta la trascrizione del matrimonio.<\/p>\n<p><strong>Requisito fondamentale<\/strong> per poter chiedere la trascrizione del divorzio <u>\u00e8 dunque che <strong>il matrimonio cui si riferisce, se non celebrato in Italia, sia stato comunque trascritto<\/strong><\/u>. Se il certificato di matrimonio non \u00e8 mai stato presentato per la trascrizione \u00e8 necessario quindi presentare anche la documentazione relativa, predisposta come indicato nella <a href=\"https:\/\/conslosangeles.esteri.it\/it\/servizi-consolari-e-visti\/servizi-per-il-cittadino-italiano\/stato-civile\/trascizione-matrimonio\/\">sezione del sito dedicata alla trascrizione dei matrimoni<\/a>.<\/p>\n<p><u>Si accettano\u00a0<strong>solo decreti in \u2018certified copy\u2019<\/strong><\/u>\u00a0 che rimarranno agli atti di questo Consolato Generale e\u00a0<strong>non<\/strong>\u00a0verranno restituiti al richiedente.<\/p>\n<p><strong>NOTA BENE<\/strong>:<\/p>\n<ul>\n<li>Prima di presentare o inviare un certificato, si prega di controllare \u00a0<strong>ATTENTAMENTE<\/strong>\u00a0generalit\u00e0, luogo e data di nascita degli interessati con le autorit\u00e0 estere competenti. In caso di errori, sar\u00e0 necessario richiedere le correzioni all\u2019ufficio che ha emesso l\u2019atto;<\/li>\n<li><strong><u>Per i decreti di divorzio non formati nella circoscrizione consolare del Consolato Generale d\u2019Italia a Los Angeles<\/u><\/strong>\u00a0si raccomanda di verificare sempre la correttezza della documentazione con il Consolato italiano territorialmente competente per emissione dell\u2019atto consultando il sito web. La procedura da seguire pu\u00f2 variare in base al Paese in cui l\u2019atto \u00e8 stato rilasciato, secondo gli accordi in vigore con il Paese in questione.\u00a0<a class=\"\" href=\"https:\/\/www.esteri.it\/it\/ministero\/struttura\/laretediplomatica\/\" target=\"_blank\" rel=\"noopener\" data-focus-mouse=\"false\">Trova il tuo consolato competente qui.<\/a><br \/>\nEsempio: Per atto di nascita emesso a Buenos Aires (Argentina), verificare il sito web del Consolato Generale italiano a Buenos Aires.<\/li>\n<\/ul>\n<p>&nbsp;<\/p>\n<p>I documenti da presentare sono i seguenti:<\/p>\n<p>1) <strong>Modulo di Richiesta per la Trascrizione in Italia di Decreto di Divorzio<\/strong> (<a href=\"https:\/\/conslosangeles.esteri.it\/wp-content\/uploads\/2023\/07\/05-_modulo_richiesta_trascizione_divorzio__atto_di_notorieta.pdf\">disponibile qui<\/a>);<\/p>\n<p>2) Certified Copy della <strong>SENTENZA\/DECRETO DI DIVORZIO <\/strong>in formato integrale (\u201c<strong>FINAL JUDGMENT OF DISSOLUTION OF MARRIAGE \/ JUDGEMENT Of DIVORCE \/ DECREE OF DIVORCE<\/strong>\u201d), rilasciata dal Tribunale competente;<\/p>\n<p>3) Certified Copy del<strong> Certificate of No-Appeal<\/strong> (anche chiamato: <strong>Certificate of the Clerk, Certificate of Fact, Certificate of Disposition, Letter of No Appeal)<\/strong> da richiedere alla stessa Corte Superiore che ha emesso la sentenza di divorzio allo scopo di certificare che non vi siano stati appelli o riaperture del caso dopo sei mesi dalla sentenza finale (<a href=\"https:\/\/conslosangeles.esteri.it\/wp-content\/uploads\/2025\/01\/Esempio-No-Appeal-CA-x-Sito.pdf\">vedi\u00a0esempio<\/a>). Qualora non fosse possibile reperire il Certificate of No Appeal, si prega di compilare e di fare firmare al cancelliere competente la seguente dichiarazione (<a href=\"https:\/\/conslosangeles.esteri.it\/wp-content\/uploads\/2025\/01\/Statement-of-No-Appeal.pdf\">disponibile qui<\/a>);<\/p>\n<p>4) <strong>Apostille<\/strong> da applicare <u>sia<\/u> sul <strong>Decreto\/sentenza di divorzio <\/strong><u>sia<\/u> <strong>Certificate of No-Appeal<\/strong> sul rilasciata dal \u201cSecretary of State\u201d (<a href=\"https:\/\/conslosangeles.esteri.it\/it\/servizi-consolari-e-visti\/servizi-per-il-cittadino-italiano\/altri-servizi\/albo-consolare\/secretary-of-state\/\">elenco Segretari di Stato<\/a>). l\u2019Apostille non necessita di traduzione;<\/p>\n<p>5) <strong>Traduzione<\/strong> in italiano <u>sia<\/u> del <strong>Decreto\/sentenza di divorzio <\/strong><u>sia<\/u> del <strong>Certificate of No-Appeal<\/strong>, integrale, dattiloscritta e fedele all\u2019originale in tutte le sue parti (<a href=\"https:\/\/conslosangeles.esteri.it\/it\/servizi-consolari-e-visti\/servizi-per-il-cittadino-italiano\/altri-servizi\/albo-consolare\/traduttori-di-riferimento-translators-reference-list\/\">elenco traduttori<\/a>). Il formato delle date deve essere di tipo <strong>europeo<\/strong>: <em>giorno\/mese\/anno<\/em>;<\/p>\n<p>6) Fotocopia del passaporto italiano in corso di validit\u00e0\u00a0\u00a0del \/ della richiedente.<\/p>\n<p>&nbsp;<\/p>\n<p>&nbsp;<\/p>\n","protected":false},"excerpt":{"rendered":"Trascrizione in Italia di sentenze di divorzio pronunciate all\u2019estero Ufficio Stato Civile Email:\u00a0statocivile.losangeles@esteri.it Aree di competenza: Arizona, Sud California, Nevada, New Mexico &nbsp; Per le registrazioni di atti di Stato Civile, NON \u00e8 necessario fissare un appuntamento, \u00e8 sufficiente inviare per posta o presentare di persona la documentazione\u00a0all\u2019attenzione dell\u2019Ufficio Stato Civile: Via posta (USPS \u2013 [&hellip;]","protected":false},"author":3,"featured_media":0,"parent":86,"menu_order":5,"comment_status":"closed","ping_status":"closed","template":"","meta":{"footnotes":""},"class_list":["post-626","page","type-page","status-publish","hentry"],"_links":{"self":[{"href":"https:\/\/conslosangeles.esteri.it\/it\/wp-json\/wp\/v2\/pages\/626","targetHints":{"allow":["GET"]}}],"collection":[{"href":"https:\/\/conslosangeles.esteri.it\/it\/wp-json\/wp\/v2\/pages"}],"about":[{"href":"https:\/\/conslosangeles.esteri.it\/it\/wp-json\/wp\/v2\/types\/page"}],"author":[{"embeddable":true,"href":"https:\/\/conslosangeles.esteri.it\/it\/wp-json\/wp\/v2\/users\/3"}],"replies":[{"embeddable":true,"href":"https:\/\/conslosangeles.esteri.it\/it\/wp-json\/wp\/v2\/comments?post=626"}],"version-history":[{"count":6,"href":"https:\/\/conslosangeles.esteri.it\/it\/wp-json\/wp\/v2\/pages\/626\/revisions"}],"predecessor-version":[{"id":7203,"href":"https:\/\/conslosangeles.esteri.it\/it\/wp-json\/wp\/v2\/pages\/626\/revisions\/7203"}],"up":[{"embeddable":true,"href":"https:\/\/conslosangeles.esteri.it\/it\/wp-json\/wp\/v2\/pages\/86"}],"wp:attachment":[{"href":"https:\/\/conslosangeles.esteri.it\/it\/wp-json\/wp\/v2\/media?parent=626"}],"curies":[{"name":"wp","href":"https:\/\/api.w.org\/{rel}","templated":true}]}}