{"id":603,"date":"2023-07-13T10:20:32","date_gmt":"2023-07-13T17:20:32","guid":{"rendered":"https:\/\/conslosangeles.esteri.it\/?page_id=603"},"modified":"2025-09-24T11:29:34","modified_gmt":"2025-09-24T18:29:34","slug":"trascizione-matrimonio","status":"publish","type":"page","link":"https:\/\/conslosangeles.esteri.it\/it\/servizi-consolari-e-visti\/servizi-per-il-cittadino-italiano\/stato-civile\/trascizione-matrimonio\/","title":{"rendered":"Matrimoni o Unioni Civili"},"content":{"rendered":"<p><strong>Trascrizione in Italia di Matrimoni o Unioni Civili celebrate all\u2019estero\u00a0<\/strong><\/p>\n<p>Ufficio Stato Civile<br \/>\nEmail:\u00a0<a href=\"mailto:statocivile.losangeles@esteri.it\">statocivile.losangeles@esteri.it<\/a><br \/>\n<a href=\"https:\/\/conslosangeles.esteri.it\/it\/chi-siamo\/\">Aree di competenza: Arizona, Sud California, Nevada, New Mexico<\/a><\/p>\n<p>&nbsp;<\/p>\n<table>\n<tbody>\n<tr>\n<td style=\"text-align: center;\" colspan=\"2\" width=\"623\"><strong>Per le registrazioni di atti di Stato Civile, NON \u00e8 necessario fissare un appuntamento, \u00e8 sufficiente inviare per posta o presentare di persona la documentazione<\/strong> all\u2019attenzione dell\u2019Ufficio Stato Civile:<\/td>\n<\/tr>\n<tr>\n<td style=\"text-align: center;\" width=\"312\"><strong>Via posta (USPS &#8211; FEDEX &#8211; UPS)<\/strong><\/td>\n<td style=\"text-align: center;\" width=\"312\"><strong>In persona<\/strong><\/td>\n<\/tr>\n<tr>\n<td style=\"text-align: center;\" width=\"312\">CONSULATE GENERAL OF ITALY<br \/>\nVITAL RECORDS OFFICE<br \/>\n12424 Wilshire Blvd. Suite 1400;<br \/>\nLos Angeles, CA 90025<\/td>\n<td width=\"312\">\n<p style=\"text-align: center;\">Durante L\u2019orario di apertura al pubblico, presso la <em>dropbox<\/em> situata nella <em>mailroom<\/em> \u00a0&#8211; Livello P1 del nostro stabile<\/p>\n<\/td>\n<\/tr>\n<\/tbody>\n<\/table>\n<p>&nbsp;<\/p>\n<p>I cittadini italiani che si sposano all\u2019estero sono tenuti a richiedere la trascrizione del proprio matrimonio presso il Comune competente di iscrizione <a href=\"https:\/\/conslosangeles.esteri.it\/it\/servizi-consolari-e-visti\/servizi-per-il-cittadino-italiano\/anagrafe-degli-italiani-residenti-allestero-aire\/\">AIRE<\/a>. Se entrambi gli sposi sono cittadini italiani ma provengono da Comuni diversi \u00e8 necessario compilare due moduli di \u201cRichiesta di trascrizione\u201d distinti.<\/p>\n<p>I matrimoni fra persone di sesso diverso vengono trascritti nei registri dei matrimoni, mentre i matrimoni fra persone dello stesso sesso vengono trascritti nel registro delle unioni civili.<\/p>\n<p><span style=\"text-decoration: underline;\">Si accettano\u00a0<strong>solo certificati in \u2018certified copy\u2019<\/strong>\u00a0<\/span>che rimarranno agli atti di questo Consolato Generale e\u00a0<strong>non<\/strong>\u00a0verranno restituiti al richiedente.<\/p>\n<p><strong><u>Se il matrimonio da registrare non e\u2019 il primo<\/u><\/strong><u>, occorrera\u2019 anche trascrivere il matrimonio o i matrimoni precedenti e relativi divorzi, presentando la documentazione indicata in questo sito web.<\/u><\/p>\n<p><strong>Regime patrimoniale:<\/strong> Eventuali patti patrimoniali firmati negli USA non hanno valore nell\u2019ordinamento italiano. Coloro che desiderano scegliere il regime di separazione dei beni potranno firmare la relativa convenzione presso l\u2019ufficio notarile.\u00a0Per maggiori informazioni si prega di inviare una email a: <a href=\"mailto:notarile.losangeles@esteri.it\">notarile.losangeles@esteri.it<\/a><\/p>\n<p><strong>NOTA BENE<\/strong>:<\/p>\n<ul>\n<li>Prima di presentare o inviare un certificato, si prega di controllare \u00a0<strong>ATTENTAMENTE<\/strong>\u00a0generalit\u00e0, luogo e data di nascita degli interessati con le autorit\u00e0 estere competenti. In caso di errori, sar\u00e0 necessario richiedere le correzioni all\u2019ufficio che ha emesso l\u2019atto;<\/li>\n<li><strong><u>Per i certificati non formati nella circoscrizione consolare del Consolato Generale d\u2019Italia a Los Angeles<\/u><\/strong> si raccomanda di verificare sempre la correttezza della documentazione con il Consolato italiano territorialmente competente per emissione dell\u2019atto consultando il sito web. La procedura da seguire pu\u00f2 variare in base al Paese in cui l\u2019atto \u00e8 stato rilasciato, secondo gli accordi in vigore con il Paese in questione.\u00a0<a href=\"https:\/\/www.esteri.it\/it\/ministero\/struttura\/laretediplomatica\/\" data-focus-mouse=\"false\">Trova il tuo consolato competente qui.<\/a><br \/>\nEsempio: Per un atto di matrimonio emesso a\u00a0<u>Buenos Aires (Argentina)<\/u>, verificare il sito web del\u00a0<u>Consolato Generale italiano a Buenos Aires.<br \/>\n<\/u>Per un atto di matrimonio emesso nello Stato di New York, verificare il sito web del\u00a0<u>Consolato Generale italiano a New York.<\/u><\/li>\n<\/ul>\n<ul>\n<li><strong>Generalit\u00e0 acquisite a seguito di matrimonio:<br \/>\n<\/strong><strong>per i Cittadini italiani<\/strong> il cambio di generalit\u00e0 acquisite a seguito di matrimonio, essendo un cambio amministrativo, non \u00e8 contemplato dalla normativa italiana, possono essere cambiate solo giudizialmente con un decreto di cambio nome (Changing name decree) o direttamente in Italia presso la Prefettura competente;<br \/>\n<strong>per i Cittadini stranieri<\/strong> il cambio di generalit\u00e0 acquisite a seguito di matrimonio si possono registrare, a condizione che siano riportate nella licenza o nel certificato di matrimonio celebrato all\u2019estero, o annotate nel proprio certificato di nascita.<\/li>\n<\/ul>\n<p><strong>Per matrimoni o unioni civili celebrati negli stati di:<\/strong><\/p>\n<ul>\n<li><strong><a href=\"https:\/\/conslosangeles.esteri.it\/it\/servizi-consolari-e-visti\/servizi-per-il-cittadino-italiano\/stato-civile\/trascizione-matrimonio\/matrimoni-o-unioni-civili-celebrati-nello-stato-della-california\/\">CALIFORNIA (clicca qui)<\/a><\/strong><\/li>\n<li><strong><a href=\"https:\/\/conslosangeles.esteri.it\/it\/servizi-consolari-e-visti\/servizi-per-il-cittadino-italiano\/stato-civile\/trascizione-matrimonio\/matrimoni-o-unioni-civili-celebrati-nello-stato-del-nevada\/\">NEVADA (clicca qui)<\/a><\/strong><\/li>\n<li><strong><a href=\"https:\/\/conslosangeles.esteri.it\/it\/servizi-consolari-e-visti\/servizi-per-il-cittadino-italiano\/stato-civile\/trascizione-matrimonio\/matrimoni-o-unioni-civili-celebrati-nello-stato-del-arizona\/\">ARIZONA (clicca qui)<\/a><\/strong><\/li>\n<li><strong><a href=\"https:\/\/conslosangeles.esteri.it\/it\/servizi-consolari-e-visti\/servizi-per-il-cittadino-italiano\/stato-civile\/trascizione-matrimonio\/matrimoni-o-unioni-civili-celebrati-nello-stato-del-new-mexico\/\">NEW MEXICO (clicca qui)<\/a><\/strong><\/li>\n<\/ul>\n<p>&nbsp;<\/p>\n<p>&nbsp;<\/p>\n","protected":false},"excerpt":{"rendered":"Trascrizione in Italia di Matrimoni o Unioni Civili celebrate all\u2019estero\u00a0 Ufficio Stato Civile Email:\u00a0statocivile.losangeles@esteri.it Aree di competenza: Arizona, Sud California, Nevada, New Mexico &nbsp; Per le registrazioni di atti di Stato Civile, NON \u00e8 necessario fissare un appuntamento, \u00e8 sufficiente inviare per posta o presentare di persona la documentazione all\u2019attenzione dell\u2019Ufficio Stato Civile: Via posta [&hellip;]","protected":false},"author":3,"featured_media":0,"parent":86,"menu_order":3,"comment_status":"closed","ping_status":"closed","template":"","meta":{"footnotes":""},"class_list":["post-603","page","type-page","status-publish","hentry"],"_links":{"self":[{"href":"https:\/\/conslosangeles.esteri.it\/it\/wp-json\/wp\/v2\/pages\/603","targetHints":{"allow":["GET"]}}],"collection":[{"href":"https:\/\/conslosangeles.esteri.it\/it\/wp-json\/wp\/v2\/pages"}],"about":[{"href":"https:\/\/conslosangeles.esteri.it\/it\/wp-json\/wp\/v2\/types\/page"}],"author":[{"embeddable":true,"href":"https:\/\/conslosangeles.esteri.it\/it\/wp-json\/wp\/v2\/users\/3"}],"replies":[{"embeddable":true,"href":"https:\/\/conslosangeles.esteri.it\/it\/wp-json\/wp\/v2\/comments?post=603"}],"version-history":[{"count":6,"href":"https:\/\/conslosangeles.esteri.it\/it\/wp-json\/wp\/v2\/pages\/603\/revisions"}],"predecessor-version":[{"id":8702,"href":"https:\/\/conslosangeles.esteri.it\/it\/wp-json\/wp\/v2\/pages\/603\/revisions\/8702"}],"up":[{"embeddable":true,"href":"https:\/\/conslosangeles.esteri.it\/it\/wp-json\/wp\/v2\/pages\/86"}],"wp:attachment":[{"href":"https:\/\/conslosangeles.esteri.it\/it\/wp-json\/wp\/v2\/media?parent=603"}],"curies":[{"name":"wp","href":"https:\/\/api.w.org\/{rel}","templated":true}]}}