{"id":5318,"date":"2024-02-19T09:20:46","date_gmt":"2024-02-19T16:20:46","guid":{"rendered":"https:\/\/conslosangeles.esteri.it\/?page_id=5318"},"modified":"2024-03-22T09:58:42","modified_gmt":"2024-03-22T16:58:42","slug":"legalizzazione-di-traduzioni","status":"publish","type":"page","link":"https:\/\/conslosangeles.esteri.it\/it\/servizi-consolari-e-visti\/servizi-per-il-cittadino-straniero\/legalizzazione-di-traduzioni\/","title":{"rendered":"Legalizzazione di Traduzioni"},"content":{"rendered":"<p>Il Consolato non effettua direttamente traduzioni ma provvede alla legalizzazione di traduzioni gi\u00e0 fatte.<\/p>\n<p>Non \u00e8 obbligatorio che le traduzioni vengano effettuate da un traduttore ufficiale. Per ottenere la legalizzazione \u00e8 sufficiente infatti che la traduzione sia effettuata in maniera professionale.<\/p>\n<p style=\"padding-left: 40px;\">Si prega di contattare l&#8217;ufficio notarile a <a href=\"mailto:notarile.losangeles@esteri.it\">notarile.losangeles@esteri.it<\/a><\/p>\n<p>Una volta effettuata la traduzione, per ottenere la legalizzazione bisogna spedire all&#8217;indirizzo del Consolato (all\u2019 attenzione Ufficio Notarile o Stato Civile; 12424 Wilshire Blvd. Suite 1400<br \/>\nLos Angeles, CA 90025) la seguente documentazione:<\/p>\n<ul>\n<li>Breve lettera di accompagnamento spiegando il servizio richiesto;<\/li>\n<li>documento\u00a0originale (in caso di certificati di stato civile \u00e8 obbligatoria l\u2019Apostille) e relativa traduzione<\/li>\n<li>money order o cashier&#8217;s check intestato a &#8220;Consulate General of Italy-Los Angeles&#8221; per l\u2019importo\u00a0corrispondente all\u2019art. 72\/A della\u00a0<a href=\"https:\/\/conslosangeles.esteri.it\/en\/servizi-consolari-e-visti\/servizi-per-il-cittadino-italiano\/altri-servizi\/albo-consolare\/estratto-tabella-diritti-conolari\/\">tariffa consolare<\/a> per un foglio di traduzione dall&#8217;inglese all&#8217;italiano e dell\u2019art. 72\/C per un foglio di traduzione dall&#8217;italiano all\u2019inglese (a questi fini un foglio \u00e8 composto da due facciate);<\/li>\n<li>una busta pre-compilata e pre-pagata per la restituzione della traduzione autenticata con il sistema preferito dal richiedente (es. Express o Priority Mail, FEDEX, DHL, etc <strong>non si accetta UPS<\/strong>).<\/li>\n<\/ul>\n","protected":false},"excerpt":{"rendered":"Il Consolato non effettua direttamente traduzioni ma provvede alla legalizzazione di traduzioni gi\u00e0 fatte. Non \u00e8 obbligatorio che le traduzioni vengano effettuate da un traduttore ufficiale. Per ottenere la legalizzazione \u00e8 sufficiente infatti che la traduzione sia effettuata in maniera professionale. Si prega di contattare l&#8217;ufficio notarile a notarile.losangeles@esteri.it Una volta effettuata la traduzione, per [&hellip;]","protected":false},"author":3,"featured_media":0,"parent":62,"menu_order":4,"comment_status":"closed","ping_status":"closed","template":"","meta":{"footnotes":""},"class_list":["post-5318","page","type-page","status-publish","hentry"],"_links":{"self":[{"href":"https:\/\/conslosangeles.esteri.it\/it\/wp-json\/wp\/v2\/pages\/5318","targetHints":{"allow":["GET"]}}],"collection":[{"href":"https:\/\/conslosangeles.esteri.it\/it\/wp-json\/wp\/v2\/pages"}],"about":[{"href":"https:\/\/conslosangeles.esteri.it\/it\/wp-json\/wp\/v2\/types\/page"}],"author":[{"embeddable":true,"href":"https:\/\/conslosangeles.esteri.it\/it\/wp-json\/wp\/v2\/users\/3"}],"replies":[{"embeddable":true,"href":"https:\/\/conslosangeles.esteri.it\/it\/wp-json\/wp\/v2\/comments?post=5318"}],"version-history":[{"count":5,"href":"https:\/\/conslosangeles.esteri.it\/it\/wp-json\/wp\/v2\/pages\/5318\/revisions"}],"predecessor-version":[{"id":5573,"href":"https:\/\/conslosangeles.esteri.it\/it\/wp-json\/wp\/v2\/pages\/5318\/revisions\/5573"}],"up":[{"embeddable":true,"href":"https:\/\/conslosangeles.esteri.it\/it\/wp-json\/wp\/v2\/pages\/62"}],"wp:attachment":[{"href":"https:\/\/conslosangeles.esteri.it\/it\/wp-json\/wp\/v2\/media?parent=5318"}],"curies":[{"name":"wp","href":"https:\/\/api.w.org\/{rel}","templated":true}]}}