{"id":4990,"date":"2023-12-11T11:29:39","date_gmt":"2023-12-11T18:29:39","guid":{"rendered":"https:\/\/conslosangeles.esteri.it\/?page_id=4990"},"modified":"2023-12-11T13:30:35","modified_gmt":"2023-12-11T20:30:35","slug":"carta-didentita-elettronica","status":"publish","type":"page","link":"https:\/\/conslosangeles.esteri.it\/it\/servizi-consolari-e-visti\/servizi-per-il-cittadino-italiano\/carta-didentita-elettronica\/","title":{"rendered":"Carta d\u2019identit\u00e0 elettronica"},"content":{"rendered":"<p>E\u2019 in corso la sperimentazione per il rilascio della carta d\u2019identit\u00e0 elettrica per i cittadini italiani residenti nella nostra <a href=\"https:\/\/conslosangeles.esteri.it\/it\/chi-siamo\/la-rete-consolare\/\">circoscrizione consolare<\/a>.<\/p>\n<p style=\"text-align: justify;\">La nuova Carta di identit\u00e0 Elettronica \u00e8 un documento multifunzionale: attesta l\u2019identit\u00e0 del cittadino, \u00e8 un documento di viaggio all\u2019interno dell\u2019UE, riporta il codice fiscale e si pu\u00f2 utilizzare per richiedere un\u2019identit\u00e0 sul sistema SPID (Sistema Pubblico di Identit\u00e0 Digitale) con cui accedere ai Servizi erogati dalle Pubbliche Amministrazioni Italiane.<\/p>\n<p style=\"text-align: left;\"><strong>ATTENZIONE: la Carta d\u2019Identit\u00e0 Elettronica non viene rilasciata a vista, bens\u00ec viene spedita per posta a casa del richiedente.<\/strong><\/p>\n<p style=\"text-align: justify;\">La CIE potr\u00e0 essere rilasciata esclusivamente ai cittadini italiani regolarmente residenti nella circoscrizione consolare di questa Cancelleria, che siano registrati nello schedario consolare, i cui dati anagrafici siano gi\u00e0 presenti nella banca dati A.I.R.E (Anagrafe degli Italiani Residenti all\u2019Estero) e che siano in possesso di codice fiscale.<\/p>\n<p><strong><br \/>\nREQUISITI PER RICHIEDERE LA CARTA D\u2019IDENTITA\u2019 ELETTRONICA:<\/strong><\/p>\n<p>Ai fini dell\u2019emissione della CIE \u00e8 indispensabile che il richiedente:<\/p>\n<ul>\n<li style=\"text-align: justify;\">sia iscritto all\u2019AIRE;<\/li>\n<li style=\"text-align: justify;\">abbia l\u2019atto di nascita trascritto in Italia, in quanto gli estremi della trascrizione devono essere riportati sulla CIE;<\/li>\n<li style=\"text-align: justify;\">disponga di Codice Fiscale. Chi non \u00e8 in possesso del Codice fiscale \u00e8 invitato a seguire le istruzioni presenti a questo indirizzo per farne richiesta: <a href=\"https:\/\/conslosangeles.esteri.it\/it\/servizi-consolari-e-visti\/servizi-per-il-cittadino-italiano\/codice-fiscale\/\">https:\/\/conslosangeles.esteri.it\/it\/servizi-consolari-e-visti\/servizi-per-il-cittadino-italiano\/codice-fiscale\/<\/a><\/li>\n<li style=\"text-align: justify;\">abbia aggiornato la sua posizione negli schedari consolari nel caso di cambio d\u2019indirizzo, variazione dello stato civile o nascita di figli. In questo casi si dovr\u00e0 prendere contatto con i servizi competenti (AIRE o stato civile) prima di richiedere un appuntamento per la carta d\u2019identit\u00e0.<\/li>\n<\/ul>\n<p><strong>MODALITA\u2019 DI RICHIESTA DELLA CARTA D\u2019IDENTITA\u2019 ELETTRONICA:<\/strong><\/p>\n<p>Per richiedere il rilascio della carta d\u2019identit\u00e0 elettronica \u00e8 necessario prenotare un appuntamento utilizzando la piattaforma <a href=\"https:\/\/prenotami.esteri.it\/\">Prenot@mi<\/a>.<\/p>\n<p>Si prega di inserire i DATI RELATIVI ALL\u2019INTESTATARIO del documento richiesto, se diversi dall\u2019utente\u00a0registrato al momento di prenotazione dell\u2019appuntamento.<\/p>\n<p><strong>Per le donne coniugate: inserire le generalit\u00e0 anagrafiche da nubile e comunque come da atto di nascita. Sulla Carta d\u2019identit\u00e0 elettronica non \u00e8 indicato lo stato civile del titolare e, per le donne coniugate, <span style=\"text-decoration: underline;\">non<\/span> pu\u00f2 essere indicato il cognome del coniuge.<\/strong><\/p>\n<p><strong>La presenza del richiedente e\/o del titolare della carta richiesta \u00e8 obbligatoria, incluso figli minori a partire dal compimento dei 12 anni.<\/strong><\/p>\n<p>&nbsp;<\/p>\n<p><strong>DOCUMENTAZIONE RICHIESTA PER IL RILASCIO DELLA CARTA D\u2019IDENTITA\u2019 ELETTRONICA:<\/strong><\/p>\n<ul>\n<li>Una fototessera;<\/li>\n<li><span style=\"text-decoration: underline;\"><a href=\"https:\/\/conslosangeles.esteri.it\/wp-content\/uploads\/2023\/12\/Modulo-richiesta-CIE.doc\">Modulo di richiesta<\/a><\/span> compilato e firmato. <span style=\"text-decoration: underline;\"><a href=\"https:\/\/conslosangeles.esteri.it\/wp-content\/uploads\/2023\/12\/Modulo-richiesta-minori-CIE.doc\">Per i minori<\/a> <\/span>il modulo deve essere firmato da entrami i genitori<\/li>\n<li>Precedente carta di identit\u00e0 (solo se del caso)<\/li>\n<li>Documento di riconoscimento italiano o due testimoni;<\/li>\n<li><span style=\"text-decoration: underline;\"><a href=\"https:\/\/conslosangeles.esteri.it\/wp-content\/uploads\/2023\/12\/Modulo-atto-di-assenso-CIE.docx\">Atto di assenso di entrambi genitori<\/a><\/span> nel caso in cui la carta d\u2019identit\u00e0 debba essere rilasciata ad un minore;<\/li>\n<li>Diritti consolari, da corrispondersi con money order o cashier\u2019s check intestati a Consulate General of Italy in Los Angeles \u2013 Per l\u2019importo consulta la <span style=\"text-decoration: underline;\"><a href=\"https:\/\/conslosangeles.esteri.it\/it\/servizi-consolari-e-visti\/servizi-per-il-cittadino-italiano\/altri-servizi\/albo-consolare\/estratto-tabella-diritti-consolari\/\">Tariffa Consolare<\/a><\/span> aggiornata trimestralmente.<\/li>\n<\/ul>\n<p><strong>SPEDIZIONE DELLA CARTA D\u2019IDENTITA\u2019 ELETTRONICA:<\/strong><\/p>\n<p>La CIE n<strong>on viene rilasciata il giorno dell\u2019appuntamento<\/strong>: sar\u00e0 inviata dall\u2019Italia a cura dell\u2019Istituto Poligrafico e Zecca dello Stato, direttamente all\u2019indirizzo indicato dal richiedente<\/p>\n<p>In caso di mancata consegna per indirizzo errato o di esaurimento del periodo di giacenza presso l\u2019ufficio postale, il plico viene restituito all\u2019ufficio consolare di riferimento per ulteriori tentativi di consegna.<\/p>\n<p>Per contattare l\u2019ufficio carte di identit\u00e0, siete invitati a scrivere una mail a <a href=\"mailto:losangeles.cie@esteri.it\">losangeles.cie@esteri.it<\/a><\/p>\n<p><span style=\"text-decoration: underline;\"><strong>FAQ<\/strong><\/span><\/p>\n<ol>\n<li><strong>A chi pu\u00f2 essere rilasciata la carta d\u2019identit\u00e0 elettronica?<\/strong><\/li>\n<\/ol>\n<p style=\"padding-left: 40px;\">Questo Consolato Generale pu\u00f2 rilasciare la carta d\u2019identit\u00e0\u00a0esclusivamente ai cittadini italiani regolarmente residenti in questa circoscrizione consolare con iscrizione AIRE completa.<br \/>\nNel caso si sia cambiato indirizzo di residenza\u00a0(rispetto a quello comunicato in precedenza all\u2019Ufficio consolare), \u00e8 necessario chiedere la variazione di indirizzo tramite il portale\u00a0<a href=\"https:\/\/serviziconsolarionline.esteri.it\/ScoFE\/index.sco\">FAST IT<\/a> prima di procedere alla prenotazione.<\/p>\n<ol start=\"2\">\n<li><strong> Quando si pu\u00f2 richiedere?<\/strong><\/li>\n<\/ol>\n<p style=\"padding-left: 40px;\">La CIE viene rilasciata:<\/p>\n<ul>\n<li style=\"list-style-type: none;\">\n<ul>\n<li>in sostituzione di una carta di identit\u00e0 cartacea valida;<\/li>\n<li>a chi non sia in possesso di un\u2019altra carta d\u2019identit\u00e0 valida;<\/li>\n<li>in caso di furto, smarrimento o deterioramento della carta precedente.<\/li>\n<\/ul>\n<\/li>\n<\/ul>\n<ol start=\"3\">\n<li><strong> Come si richiede la carta d\u2019identit\u00e0 elettronica (CIE)?<\/strong><\/li>\n<\/ol>\n<p style=\"padding-left: 40px;\">La richiesta della carta d\u2019identit\u00e0 elettronica deve essere presentata utilizzando esclusivamente la piattaforma\u00a0<a href=\"https:\/\/prenotami.esteri.it\/\">Prenot@<\/a>mi<\/p>\n<p style=\"padding-left: 40px; text-align: justify;\"><strong>ATTENZIONE:<\/strong> nel caso in cui, a seguito di verifiche, emergessero elementi che impedissero la lavorazione della richiesta di rilascio della CIE, il connazionale sar\u00e0 informato delle motivazioni ostative.<\/p>\n<ol start=\"4\">\n<li><strong> \u00c8 possibile chiedere l\u2019appuntamento per i miei figli minori?<\/strong><\/li>\n<\/ol>\n<p style=\"padding-left: 40px;\">S\u00ec.\u00a0In fase di prenotazione dell\u2019appuntamento bisogner\u00e0\u00a0compilare una scheda per ciascuna persona richiedente.<\/p>\n<ol start=\"5\">\n<li><strong> Quali sono le operazioni che saranno effettuate il giorno dell\u2019appuntamento?<\/strong><\/li>\n<\/ol>\n<p style=\"padding-left: 40px; text-align: justify;\">Il giorno dell\u2019appuntamento, l\u2019operatore consolare acquisisce la documentazione, effettua il riconoscimento e la verifica della foto ed acquisisce le impronte digitali e la firma (salvo per i minori di anni 12).<\/p>\n<ol start=\"6\">\n<li><strong> Come si riceve la Carta d\u2019identit\u00e0 elettronica?<\/strong><\/li>\n<\/ol>\n<p style=\"padding-left: 40px; text-align: justify;\">La CIE \u00e8 emessa dal Ministero dell\u2019Interno e prodotta dall\u2019Istituto Poligrafico e Zecca dello Stato, che la spedisce, a mezzo posta, all\u2019indirizzo di residenza dichiarato dal richiedente.<\/p>\n<ol start=\"7\">\n<li><strong> Quanto tempo vale la carta d\u2019identit\u00e0?<\/strong><\/li>\n<\/ol>\n<p style=\"padding-left: 40px;\">La validit\u00e0 della carta d\u2019identit\u00e0 varia a seconda dell\u2019et\u00e0 del titolare ed \u00e8 di:<\/p>\n<ul>\n<li style=\"list-style-type: none;\">\n<ul>\n<li>3 anni per i minori di et\u00e0 compresa tra 0 e 3 anni;<\/li>\n<li>5 anni per i minori di et\u00e0 compresa tra 4 e 18 anni;<\/li>\n<li>10 anni per persone di et\u00e0 superiore ai 18 anni.<\/li>\n<\/ul>\n<\/li>\n<\/ul>\n<ol start=\"8\">\n<li><strong> Cos\u2019\u00e8 l\u2019atto di assenso?<\/strong><\/li>\n<\/ol>\n<p style=\"padding-left: 40px; text-align: justify;\">L\u2019assenso per il rilascio della carta di identit\u00e0 per minorenni \u00e8 necessario anche in caso di genitori non sposati, separati o divorziati. Se l\u2019altro genitore \u00e8 un cittadino comunitario, non \u00e8 necessaria la presenza in Consolato dello stesso. Sar\u00e0 sufficiente il modulo compilato e firmato insieme ad una fotocopia del passaporto o carta d\u2019identit\u00e0 di chi concede l\u2019assenso, per il confronto delle firme.<br \/>\nSe il genitore che concede l\u2019assenso \u00e8 extracomunitario deve firmare la dichiarazione di assenso in una delle seguenti modalit\u00e0:<\/p>\n<ul>\n<li style=\"list-style-type: none;\">\n<ul>\n<li>presso il Consolato il giorno dell\u2019appuntamento, munito di documento di identit\u00e0;<\/li>\n<li>presso un Notary public americano.<\/li>\n<\/ul>\n<\/li>\n<\/ul>\n<ol start=\"9\">\n<li><strong> Devo chiedere una nuova carta se cambio indirizzo?<\/strong><\/li>\n<\/ol>\n<p style=\"padding-left: 40px;\">No. La carta d\u2019identit\u00e0 \u00e8 un documento di identit\u00e0 e non di residenza.<\/p>\n<ol start=\"10\">\n<li><strong> \u00c8 possibile per le donne sposate inserire il cognome del marito?<\/strong><\/li>\n<\/ol>\n<p style=\"padding-left: 40px;\">No. La carta d\u2019identit\u00e0 \u00e8 un documento di identit\u00e0 e non di stato civile.<\/p>\n<ol start=\"11\">\n<li><strong>Posso richiedere la carta di identit\u00e0 presso il mio Comune in Italia, anche se residente all\u2019estero?<\/strong>Il connazionale dovr\u00e0 verificare questa circostanza con il Comune di riferimento in Italia.<\/li>\n<\/ol>\n","protected":false},"excerpt":{"rendered":"E\u2019 in corso la sperimentazione per il rilascio della carta d\u2019identit\u00e0 elettrica per i cittadini italiani residenti nella nostra circoscrizione consolare. La nuova Carta di identit\u00e0 Elettronica \u00e8 un documento multifunzionale: attesta l\u2019identit\u00e0 del cittadino, \u00e8 un documento di viaggio all\u2019interno dell\u2019UE, riporta il codice fiscale e si pu\u00f2 utilizzare per richiedere un\u2019identit\u00e0 sul sistema [&hellip;]","protected":false},"author":3,"featured_media":0,"parent":59,"menu_order":3,"comment_status":"closed","ping_status":"closed","template":"","meta":{"footnotes":""},"class_list":["post-4990","page","type-page","status-publish","hentry"],"_links":{"self":[{"href":"https:\/\/conslosangeles.esteri.it\/it\/wp-json\/wp\/v2\/pages\/4990","targetHints":{"allow":["GET"]}}],"collection":[{"href":"https:\/\/conslosangeles.esteri.it\/it\/wp-json\/wp\/v2\/pages"}],"about":[{"href":"https:\/\/conslosangeles.esteri.it\/it\/wp-json\/wp\/v2\/types\/page"}],"author":[{"embeddable":true,"href":"https:\/\/conslosangeles.esteri.it\/it\/wp-json\/wp\/v2\/users\/3"}],"replies":[{"embeddable":true,"href":"https:\/\/conslosangeles.esteri.it\/it\/wp-json\/wp\/v2\/comments?post=4990"}],"version-history":[{"count":4,"href":"https:\/\/conslosangeles.esteri.it\/it\/wp-json\/wp\/v2\/pages\/4990\/revisions"}],"predecessor-version":[{"id":5044,"href":"https:\/\/conslosangeles.esteri.it\/it\/wp-json\/wp\/v2\/pages\/4990\/revisions\/5044"}],"up":[{"embeddable":true,"href":"https:\/\/conslosangeles.esteri.it\/it\/wp-json\/wp\/v2\/pages\/59"}],"wp:attachment":[{"href":"https:\/\/conslosangeles.esteri.it\/it\/wp-json\/wp\/v2\/media?parent=4990"}],"curies":[{"name":"wp","href":"https:\/\/api.w.org\/{rel}","templated":true}]}}