{"id":4319,"date":"2023-08-09T12:11:07","date_gmt":"2023-08-09T19:11:07","guid":{"rendered":"https:\/\/conslosangeles.esteri.it\/?page_id=4319"},"modified":"2024-09-24T15:45:04","modified_gmt":"2024-09-24T22:45:04","slug":"schengen-visa-for-tourism","status":"publish","type":"page","link":"https:\/\/conslosangeles.esteri.it\/it\/servizi-consolari-e-visti\/servizi-per-il-cittadino-straniero\/visti\/visa-type\/schengen-visa-for-tourism\/","title":{"rendered":"Schengen Visa per Turismo"},"content":{"rendered":"<p><strong>INFORMAZIONI GENERALI<\/strong><\/p>\n<p>Ufficio Visti<br \/>\nEmail <a href=\"mailto:visti.losangeles@esteri.it\"><u>visti.losangeles@esteri.it<\/u><\/a><\/p>\n<p><strong>Per fissare un appuntamento si pregano i gentili utenti di registrarsi e prenotare appuntamento sul nostro portale online <a href=\"https:\/\/conslosangeles.esteri.it\/it\/servizi-consolari-e-visti\/servizi-per-il-cittadino-italiano\/altri-servizi\/albo-consolare\/prenotmi\/\"><u>PRENOT@MI<\/u><\/a><\/strong><\/p>\n<p>Si ricorda che le richieste possono essere presentate fino a sei mesi prima dell&#8217;inizio del viaggio previsto e <strong><u>non oltre 15 giorni di calendario prima della data di partenza.<\/u><\/strong><\/p>\n<p><span class=\"jCAhz ChMk0b\"><span class=\"ryNqvb\">I turisti negli Stati Uniti, compresi i titolari di visti B1\/B2, non possono richiedere un visto presso questo Consolato Generale, ma devono fare domanda nel Paese di origine e\/o di effettiva residenza per presentare domanda.<\/span><\/span> Siamo spiacenti<span class=\"jCAhz ChMk0b\"><span class=\"ryNqvb\">, ma non possiamo fare eccezioni.<\/span><\/span><\/p>\n<p><strong>SE NON TROVATE UN APPUNTAMENTO a causa dell&#8217;elevato numero di richieste, vi suggeriamo di VERIFICARE GIORNALMENTE il nostro sistema di appuntamenti per eventuali cancellazioni. Gli appuntamenti diventano disponibili dalle 15:00 (ora locale).<\/strong><\/p>\n<p>Potrete richiedere il visto Schengen per turismo presso il nostro Consolato Generale se:<\/p>\n<ol>\n<li>L\u2019Italia \u00e8 la vostra unica destinazione nell\u2019area Schengen,<\/li>\n<\/ol>\n<p>o<\/p>\n<ol>\n<li>state visitando diversi paesi dell&#8217;area Schengen, ma l&#8217;Italia \u00e8 il paese dell&#8217;area Schengen in cui trascorrerete la maggior parte del tempo (si prega di contare il numero esatto di giorni),<\/li>\n<\/ol>\n<p>o<\/p>\n<ol>\n<li>state visitando diversi paesi dell&#8217;area Schengen, ma trascorrerete lo stesso numero di giorni in ogni paese e l&#8217;Italia \u00e8 il vostro primo porto di ingresso nell&#8217;area Schengen.<\/li>\n<\/ol>\n<p><strong>\u00a0<\/strong><\/p>\n<p><strong>REQUISITI<\/strong><\/p>\n<p><strong><u>I richiedenti devono presentare i seguenti documenti (2 serie di documenti: 1 originale pi\u00f9 1 copia):<\/u><\/strong><\/p>\n<ol>\n<li><strong>Passaporto o documento di viaggio<\/strong> accettato dai paesi Schengen valido per un periodo di 3 mesi dall`ultimo giorno di soggiorno all&#8217;estero del richiedente.<\/li>\n<\/ol>\n<p>Il passaporto non deve essere stato rilasciato da pi\u00f9 di 10 (dieci) anni e deve avere almeno due pagine bianche\/vuote sulle quali pu\u00f2 essere apposto il visto.<\/p>\n<p>Nel passaporto deve essere menzionata la data di nascita completa: giorno, mese e anno.<\/p>\n<ol start=\"2\">\n<li><strong>Patente di guida o Carta d&#8217;identit\u00e0 valide<\/strong> rilasciate da California, Arizona, Nevada o Nuovo Messico (patente di guida o carta d&#8217;identit\u00e0 rilasciata da altri Stati non sono accettate). Se vi siete trasferiti e non avete aggiornato la vostra patente di guida o la vostra carta d&#8217;identit\u00e0 statale dalla California, Arizona, Nevada o Nuovo Messico, dovrete presentare una <strong>bolletta attuale di acqua, gas o elettricit\u00e0<\/strong>. Non verranno accettate altre tipologie di fatture.<\/li>\n<li><strong>Prova di residenza permanente negli Stati Uniti<\/strong>: U.S. Alien Registration Card o visto statunitense valido a lungo termine (tipo A,E,F,G,H,I,J,L,O,R) con modulo I-94. La U.S. Alien Registration Card o il visto statunitense devono essere validi per almeno tre (3) mesi dalla partenza prevista dal territorio Schengen. Visti statunitensi di categoria B1\/B2 (turismo\/affari) non sono accettabili per questo scopo\/ a questo proposito.<\/li>\n<li><strong>Fotografia recente formato tessera <\/strong>(35 mm x 45 mm), su sfondo bianco, volto intero e vista frontale, a colori. Non saranno accettate foto scannerizzate o fotocopiate.<\/li>\n<li><a href=\"http:\/\/e-applicationvisa.esteri.it\/\"><strong><u>Modulo di richiesta visto Schengen <\/u><\/strong><\/a>completamente compilato online in modo chiaro e stampato ad ALTA RISOLUZIONE (un DPI di stampa minimo di 300). Il richiedente dovr\u00e0 poi firmare la domanda alla presenza di un funzionario consolare. Per coloro che non riescono a compilare il modulo online a causa di difficolt\u00e0 tecniche, si prega di contattare <a href=\"mailto:visti.losangeles@esteri.it\">visti.losangeles@esteri.it<\/a>.<\/li>\n<li><a href=\"https:\/\/conslosangeles.esteri.it\/wp-content\/uploads\/2023\/08\/tabella.pdf\"><strong><u>Prova di fondi sufficienti<\/u><\/strong><\/a> per coprire le spese del soggiorno previsto:\n<ul>\n<li>estratto\/i del conto bancario degli ultimi tre mesi indicante il nome e l&#8217;indirizzo del\/i proprietario\/i (sono accettate stampe elettroniche) E<\/li>\n<li>prova di reddito fisso\/regolare, buste paga degli ultimi tre mesi. Se in pensione, presentare anche una copia del certificato di pensione indicante l&#8217;importo della pensione.<\/li>\n<\/ul>\n<\/li>\n<li><strong>Verifica d`impiego:<\/strong>\n<ul>\n<li><u>Se lavoratori dipendenti<\/u>: lettera del datore di lavoro, su carta intestata, attestante la posizione, lo stipendio e che le ferie\/permessi sono stati approvati. La lettera deve essere firmata con firma autografa e datata.<\/li>\n<li><u>Se lavoratori autonomi<\/u>: licenza commerciale valida, certificato di costituzione (di una societ\u00e0) e ultima dichiarazione dei redditi relativa all&#8217;impresa.<\/li>\n<li><u>Se studenti<\/u>: si presenti una lettera di iscrizione a tempo pieno da parte della scuola, college o universit\u00e0. La lettera deve essere firmata con firma autografa. Gli studenti devono inoltre avere un modulo I-20 valido approvato dall&#8217;autorit\u00e0 competente (rientro\/viaggio) e i visitatori di scambio devono avere un modulo IAP-66 valido.<\/li>\n<\/ul>\n<\/li>\n<li><strong>Prenotazione volo andata e ritorno<\/strong>. Se si intende visitare pi\u00f9 di un paese Schengen, si dovranno fornire prove attestanti i mezzi di trasporto che si intendono utilizzare per gli spostamenti tra i paesi (prenotazioni di voli, prenotazioni di noleggio auto, biglietti del treno, ecc.).<\/li>\n<li><strong>Prova di alloggio<\/strong>. Per ogni notte trascorsa nell&#8217;area Schengen, il richiedente dovr\u00e0 fornire prova dell&#8217;alloggio sotto forma di stampe (nessuna e-mail sul cellulare, nessuna schermata del cellulare). Se siete stati invitati a soggiornare presso l`abitazione di un cittadino italiano o straniero residente in Italia (familiari o amici), dovrete far compilare a quella persona la <strong>\u201c<a href=\"https:\/\/conslosangeles.esteri.it\/wp-content\/uploads\/2023\/08\/declaration_private_accommodation_in_italy_schengen_visa.pdf\">Dichiarazione di alloggio privato<\/a><\/strong>\u201d. L&#8217;invito dovr\u00e0 essere accompagnato da una copia del documento di identit\u00e0 della persona ospitante e, se l&#8217;ospite non \u00e8 cittadino italiano, dovr\u00e0 essere presentata una copia del Permesso di Soggiorno in corso di validit\u00e0.<\/li>\n<li><strong>Prova di acquisto di Assicurazione di Viaggio Mondiale<\/strong>.<\/li>\n<\/ol>\n<p>Si prega di fornire una lettera o un certificato della compagnia assicurativa attestante la copertura delle <strong>spese mediche,<\/strong> dei<strong> costi di ricovero ospedaliero <\/strong>e di<strong> rimpatrio<\/strong> per motivi medici, per i giorni in cui viaggerete nell&#8217;area Schengen. La copertura assicurativa non deve essere inferiore a 30.000 euro.<\/p>\n<ol start=\"11\">\n<li><strong>Pagamento<\/strong>: <strong>Vaglia postale o assegno circolare (intestato al Consolato Generale d&#8217;Italia \u2013 Los Angeles) per l&#8217;esatto importo richiesto. Per conoscere l&#8217;importo esatto, si prega di fare riferimento alle <a href=\"https:\/\/conslosangeles.esteri.it\/it\/servizi-consolari-e-visti\/servizi-per-il-cittadino-straniero\/visti\/handling-fees-for-visa-applications\/\"><u>Handling Fees<\/u>.<\/a><\/strong><\/li>\n<li><strong>Una busta prepagata\/affrancata con il vostro indirizzo<\/strong> (da voi &#8211; a voi stessi) (Express Mail, FedEx, USPS) per ricevere il vostro passaporto. <strong>SE L&#8217;ETICHETTA DI RESO NON \u00c8 COMPILATA CORRETTAMENTE (AD ESEMPIO SE COME MITTENTE COMPARE IL CONSOLATO), QUEST`ULTIMA NON VERR\u00c0 ACCETTATA. Si prega di compilare anche il <a href=\"https:\/\/conslosangeles.esteri.it\/wp-content\/uploads\/2023\/08\/authorization_form_to_have_passport_returned_by_mailed.pdf\"><u>modulo di autorizzazione<\/u><\/a><\/strong>.<\/li>\n<\/ol>\n<p>Per i richiedenti <strong><u>MINORENNI<\/u><\/strong>, uno dei genitori dovr\u00e0 presentare la domanda di visto per loro conto.<\/p>\n<p>E&#8217; richiesta inoltre la seguente documentazione:<\/p>\n<ul>\n<li><a href=\"https:\/\/conslosangeles.esteri.it\/wp-content\/uploads\/2023\/08\/parental_consent_for_minor_children_schengen_visa_NUOVO.pdf\"><strong><u>Autorizzazione per viaggiare all`estero firmata<\/u><\/strong> <\/a>da entrambi i genitori. Le firme devono essere autenticate da un <strong>Notaio<\/strong> se i genitori sono negli Stati Uniti o da un&#8217;Ambasciata o Consolato italiano se i genitori risiedono all&#8217;estero.<\/li>\n<li>Certificato di nascita tradotto in inglese e autenticato dall&#8217;Ambasciata\/Consolato italiano locale del paese di nascita.<\/li>\n<li><a href=\"https:\/\/conslosangeles.esteri.it\/wp-content\/uploads\/2023\/10\/declaration_of_financial_responsability_for_minor_children_schengen_visa.pdf\">Dichiarazione di responsabilit\u00e0 finanziaria<\/a> per i figli minorenni firmata (le firme devono essere autenticate da un notaio).<\/li>\n<li>Copie certificate dei documenti d&#8217;identit\u00e0 con foto di entrambi i genitori (autenticate dinanzi a un notaio).<\/li>\n<\/ul>\n<p><strong>L&#8217;Ufficio consolare valuter\u00e0 i documenti presentati e potr\u00e0, a seconda dei casi, richiedere documentazione aggiuntiva. Inoltre, si tenga presente che la presentazione della documentazione richiesta <u>non garantisce<\/u> automaticamente il rilascio di un visto.<\/strong><\/p>\n","protected":false},"excerpt":{"rendered":"INFORMAZIONI GENERALI Ufficio Visti Email visti.losangeles@esteri.it Per fissare un appuntamento si pregano i gentili utenti di registrarsi e prenotare appuntamento sul nostro portale online PRENOT@MI Si ricorda che le richieste possono essere presentate fino a sei mesi prima dell&#8217;inizio del viaggio previsto e non oltre 15 giorni di calendario prima della data di partenza. I [&hellip;]","protected":false},"author":3,"featured_media":0,"parent":932,"menu_order":3,"comment_status":"closed","ping_status":"closed","template":"","meta":{"footnotes":""},"class_list":["post-4319","page","type-page","status-publish","hentry"],"_links":{"self":[{"href":"https:\/\/conslosangeles.esteri.it\/it\/wp-json\/wp\/v2\/pages\/4319","targetHints":{"allow":["GET"]}}],"collection":[{"href":"https:\/\/conslosangeles.esteri.it\/it\/wp-json\/wp\/v2\/pages"}],"about":[{"href":"https:\/\/conslosangeles.esteri.it\/it\/wp-json\/wp\/v2\/types\/page"}],"author":[{"embeddable":true,"href":"https:\/\/conslosangeles.esteri.it\/it\/wp-json\/wp\/v2\/users\/3"}],"replies":[{"embeddable":true,"href":"https:\/\/conslosangeles.esteri.it\/it\/wp-json\/wp\/v2\/comments?post=4319"}],"version-history":[{"count":5,"href":"https:\/\/conslosangeles.esteri.it\/it\/wp-json\/wp\/v2\/pages\/4319\/revisions"}],"predecessor-version":[{"id":6256,"href":"https:\/\/conslosangeles.esteri.it\/it\/wp-json\/wp\/v2\/pages\/4319\/revisions\/6256"}],"up":[{"embeddable":true,"href":"https:\/\/conslosangeles.esteri.it\/it\/wp-json\/wp\/v2\/pages\/932"}],"wp:attachment":[{"href":"https:\/\/conslosangeles.esteri.it\/it\/wp-json\/wp\/v2\/media?parent=4319"}],"curies":[{"name":"wp","href":"https:\/\/api.w.org\/{rel}","templated":true}]}}