{"id":403,"date":"2023-07-11T10:34:55","date_gmt":"2023-07-11T17:34:55","guid":{"rendered":"https:\/\/conslosangeles.esteri.it\/?page_id=403"},"modified":"2025-09-05T11:57:00","modified_gmt":"2025-09-05T18:57:00","slug":"rilascio-passaporti-maggiorenni","status":"publish","type":"page","link":"https:\/\/conslosangeles.esteri.it\/it\/servizi-consolari-e-visti\/servizi-per-il-cittadino-italiano\/passaporti-e-carte-didentita\/rilascio-passaporti-maggiorenni\/","title":{"rendered":"Rilascio Passaporti Maggiorenni"},"content":{"rendered":"<p><strong>Ufficio Passaporti<\/strong><br \/>\n12424 Wilshire Blvd. Suite 1400<\/p>\n<p>Los Angeles, CA 90025<\/p>\n<p>&nbsp;<\/p>\n<p>E-mail:\u00a0<a href=\"mailto:Passaporti.losangeles@esteri.it\">Passaporti.losangeles@esteri.it<\/a><\/p>\n<h3><strong>Per il rilascio del passaporto a maggiorenni \u00e8 necessario:<\/strong><\/h3>\n<ol>\n<li>Essere cittadini italiani;<\/li>\n<li>Essere iscritti all\u2019AIRE con indirizzo di residenza aggiornato in questa circoscrizione consolare, che \u00e8 costituita da Sud della California, New Mexico, Arizona e Nevada. <strong>Prima di prenotare l\u2019appuntamento, si prega di assicurarsi che la richiesta di iscrizione AIRE sia stata non solo ricevuta ma anche trasmessa al Comune competente dal nostro Ufficio AIRE. La richiesta di passaporto, infatti, non potr\u00e0 essere accolta nel caso di pratiche AIRE non completate.<\/strong><\/li>\n<li>Aver prenotato un appuntamento attraverso il sistema\u00a0<a href=\"https:\/\/prenotami.esteri.it\/\"><strong>PRENOT@MI<\/strong><\/a><\/li>\n<\/ol>\n<p>Si fa presente che i cittadini italiani iscritti AIRE presso il consolato di Los Angeles e residenti negli Stati dell\u2019Arizona, Nevada, New Mexico e area di San Diego, possono anche contattare i seguenti Consolati Onorari per l\u2019acquisizione in loco dei propri dati biometrici (fotografia, firma digitale e impronte) senza necessit\u00e0 di venire a Los Angeles:<\/p>\n<ul>\n<li>SAN DIEGO<br \/>\nIl richiedente passaporto residente a San Diego County \u00e8 pregato di visitare il seguente sito per maggiori informazioni e per fissare un appuntamento\u00a0<a href=\"http:\/\/www.sditalianconsulate.org\/\">sditalianconsulate.org<\/a><\/li>\n<li>LAS VEGAS<br \/>\nIl richiedente passaporto residente in Nevada \u00e8 pregato di mandare una email al seguente indirizzo per maggiori informazioni e per fissare un appuntamento:\u00a0<a href=\"mailto:lasvegas.onorario@esteri.It\">lasvegas.onorario@esteri.it<\/a><\/li>\n<li>PHOENIX<br \/>\nl richiedente passaporto residente in Arizona \u00e8 pregato di visitare il seguente sito per maggiori informazioni e per fissare un appuntamento\u00a0<a href=\"http:\/\/www.azitalianconsulate.org\/\">azitalianconsulate.org<\/a>.<\/li>\n<li>SANTA FE<br \/>\nIl richiedente passaporto residente in New Mexico \u00e8 pregato di mandare una email al seguente indirizzo per maggiori informazioni e per fissare un appuntamento:\u00a0<a href=\"http:\/\/www.santafeconsole.it\/\">www.santafeconsole.it<\/a><\/li>\n<\/ul>\n<p><u>Il giorno dell\u2019appuntamento \u00e8 necessario presentarsi personalmente\u00a0presso l\u2019Ufficio Passaporti muniti della documentazione di seguito indicata debitamente completata e firmata. Si prega di portare originali e fotocopie dei documenti richiesti, il money order e la busta di ritorno gia\u2019 compilati e completi.<\/u> <strong><em><u>In mancanza il procedimento subir\u00e0 notevoli rallentamenti e, in casi estremi, il rigetto della domanda e il rinvio ad altra data.<\/u><\/em><\/strong><\/p>\n<h3><strong>A) Richiedenti in possesso solo della cittadinanza italiana<\/strong>:<\/h3>\n<p>1)\u00a0<a href=\"https:\/\/conslosangeles.esteri.it\/wp-content\/uploads\/2023\/07\/DomandaPassMAGGIORENNInew-2.pdf\"><strong>Modulo rilascio passaporto<\/strong><\/a><\/p>\n<p>2)\u00a0<strong>La foto, di norma, viene presa direttamente in Consolato, si consiglia, per\u00f2, di portare comunque una fototessera (<\/strong>formato 4\u00d74 cm, con viso centrato e frontale, <u>con sfondo bianco<\/u>) in caso di temporaneo malfunzionamento della macchina Photolive;<\/p>\n<p>3)\u00a0<strong>Il precedente passaporto italiano<\/strong>, a meno che non si tratti di rilascio del primo passaporto ovvero di smarrimento\/furto nel qual caso bisogna presentare regolare denuncia alle locali Autorit\u00e0 di Polizia e portarne una copia con s\u00e9 il giorno dell\u2019appuntamento;<\/p>\n<p>4)\u00a0<strong>Visto di ingresso oppure United States Permanent Resident Card rilasciata o rinnovata dopo il 16 agosto del 1992<\/strong>. Se la data di rilascio della Green Card \u00e8 precedente al 16 agosto 1992 e non \u00e8 riportata la scadenza, \u00e8 richiesta l\u2019esibizione di una dichiarazione dell\u2019US Immigration attestante che il richiedente non ha acquisito la cittadinanza statunitense oppure l\u2019esibizione sul passaporto italiano di un timbro di ingresso negli USA apposto dall\u2019US Immigration Office dopo il 16 agosto del 1992.\u00a0<u>In assenza della Green Card aggiornata o della dichiarazione dell\u2019US Immigration o del timbro sul passaporto NON si potr\u00e0 procedere al rilascio<\/u>.<\/p>\n<p>5)\u00a0<a href=\"https:\/\/conslosangeles.esteri.it\/it\/servizi-consolari-e-visti\/servizi-per-il-cittadino-italiano\/altri-servizi\/albo-consolare\/estratto-tabella-diritti-consolari\/\"><strong>Tassa pagamento libretto passaporto<\/strong><\/a>, esclusivamente a mezzo money order o cashier\u2019s check intestato a \u201cConsulate General of Italy\u201d (in casi eccezionali anche contanti) corrispondente esattamente all\u2019importo totale del\u00a0<strong>RILASCIO ART. 27 (A + B) <\/strong>al giorno dell\u2019appuntamento.<\/p>\n<p>6)\u00a0Il nuovo passaporto, di norma, viene rilasciato il giorno dell\u2019appuntamento.<strong> Si prega, comunque, di portare con se\u2019 una busta USPS Priority o Express Mail<\/strong>\u00a0prepagata e precompilata <strong>(non si accettano FedEx, UPS o DHL)<\/strong>\u00a0<strong>per il caso di momentaneo malfunzionamento dei macchinari che impedisca il rilascio a vista o nei periodi di maggiore affluenza durante i quali il passaporto potr\u00e0 essere spedito qualche giorno dopo la richiesta <\/strong>(in questo caso compilare il\u00a0<a href=\"https:\/\/conslosangeles.esteri.it\/wp-content\/uploads\/2023\/07\/AutSpedPass.pdf\"><strong>modulo di autorizzazione<\/strong>\u00a0<\/a>alla spedizione) oppure potr\u00e0 essere ritirato di persona.<\/p>\n<p>&nbsp;<\/p>\n<h3><strong>B) Richiedenti in possesso di entrambe le cittadinanze (italiana e statunitense<\/strong><u>)<\/u><\/h3>\n<p>1)\u00a0<a href=\"https:\/\/conslosangeles.esteri.it\/wp-content\/uploads\/2023\/07\/DomandaPassMAGGIORENNInew-2.pdf\"><strong>Modulo rilascio passaporto<\/strong><\/a><\/p>\n<p>2)\u00a0<strong>La foto, di norma, viene presa direttamente in Consolato, si consiglia, per\u00f2, di portare comunque una fototessera (<\/strong>formato 4\u00d74 cm, con viso centrato e frontale, <u>con sfondo bianco<\/u>) in caso di temporaneo malfunzionamento della macchina Photolive;<\/p>\n<p>3)\u00a0<strong>Il precedente passaporto italiano<\/strong>, a meno che non si tratti di rilascio del primo passaporto ovvero di smarrimento\/furto;<\/p>\n<p>4)\u00a0<em>Per i cittadini americani dalla nascita<\/em>:\u00a0<strong>passaporto USA<\/strong>\u00a0o\u00a0<strong>Consular Report of Birth Abroad<\/strong>\u00a0(per i cittadini americani dalla nascita ma nati al di fuori degli USA);<\/p>\n<p>5)\u00a0<em>Nel caso la cittadinanza USA sia stata acquisita dopo la nascita<\/em><strong>\u00a0\u00e8 necessario presentare il Certificato di naturalizzazione<\/strong>\u00a0<strong>USA\u00a0<\/strong>(a meno che non sia gi\u00e0 stato precedentemente presentato)<\/p>\n<p>6)\u00a0<a href=\"https:\/\/conslosangeles.esteri.it\/it\/servizi-consolari-e-visti\/servizi-per-il-cittadino-italiano\/altri-servizi\/albo-consolare\/estratto-tabella-diritti-consolari\/\"><strong>Tassa pagamento libretto passaporto<\/strong><\/a>, esclusivamente a mezzo money order o cashier\u2019s check intestato a \u201cConsulate General of Italy\u201d (in casi eccezionali anche contanti) corrispondente esattamente all\u2019importo totale del\u00a0<strong>RILASCIO ART. 27 (A + B) <\/strong>al giorno dell\u2019appuntamento.<\/p>\n<p><strong>\u00a07).<\/strong>\u00a0Il nuovo passaporto, di norma, viene rilasciato il giorno dell\u2019appuntamento.<strong> Si prega, comunque, di portare con se\u2019 una busta USPS Priority o Express Mail<\/strong>\u00a0prepagata e precompilata <strong>(non si accettano FedEx, UPS o DHL)<\/strong>\u00a0<strong>per il caso di momentaneo malfunzionamento dei macchinari che impedisca il rilascio a vista o nei periodi di maggiore affluenza durante i quali il passaporto potr\u00e0 essere spedito qualche giorno dopo la richiesta <\/strong>(in questo caso compilare il\u00a0<a href=\"https:\/\/conslosangeles.esteri.it\/wp-content\/uploads\/2023\/07\/AutSpedPass.pdf\"><strong>modulo di autorizzazione<\/strong>\u00a0<\/a>alla spedizione) oppure potr\u00e0 essere ritirato di persona.<\/p>\n","protected":false},"excerpt":{"rendered":"Ufficio Passaporti 12424 Wilshire Blvd. Suite 1400 Los Angeles, CA 90025 &nbsp; E-mail:\u00a0Passaporti.losangeles@esteri.it Per il rilascio del passaporto a maggiorenni \u00e8 necessario: Essere cittadini italiani; Essere iscritti all\u2019AIRE con indirizzo di residenza aggiornato in questa circoscrizione consolare, che \u00e8 costituita da Sud della California, New Mexico, Arizona e Nevada. Prima di prenotare l\u2019appuntamento, si prega [&hellip;]","protected":false},"author":3,"featured_media":0,"parent":67,"menu_order":1,"comment_status":"closed","ping_status":"closed","template":"","meta":{"footnotes":""},"class_list":["post-403","page","type-page","status-publish","hentry"],"_links":{"self":[{"href":"https:\/\/conslosangeles.esteri.it\/it\/wp-json\/wp\/v2\/pages\/403","targetHints":{"allow":["GET"]}}],"collection":[{"href":"https:\/\/conslosangeles.esteri.it\/it\/wp-json\/wp\/v2\/pages"}],"about":[{"href":"https:\/\/conslosangeles.esteri.it\/it\/wp-json\/wp\/v2\/types\/page"}],"author":[{"embeddable":true,"href":"https:\/\/conslosangeles.esteri.it\/it\/wp-json\/wp\/v2\/users\/3"}],"replies":[{"embeddable":true,"href":"https:\/\/conslosangeles.esteri.it\/it\/wp-json\/wp\/v2\/comments?post=403"}],"version-history":[{"count":6,"href":"https:\/\/conslosangeles.esteri.it\/it\/wp-json\/wp\/v2\/pages\/403\/revisions"}],"predecessor-version":[{"id":8568,"href":"https:\/\/conslosangeles.esteri.it\/it\/wp-json\/wp\/v2\/pages\/403\/revisions\/8568"}],"up":[{"embeddable":true,"href":"https:\/\/conslosangeles.esteri.it\/it\/wp-json\/wp\/v2\/pages\/67"}],"wp:attachment":[{"href":"https:\/\/conslosangeles.esteri.it\/it\/wp-json\/wp\/v2\/media?parent=403"}],"curies":[{"name":"wp","href":"https:\/\/api.w.org\/{rel}","templated":true}]}}