{"id":36,"date":"2023-04-03T19:15:47","date_gmt":"2023-04-03T17:15:47","guid":{"rendered":"https:\/\/consolatozurigo.esteri.it\/?page_id=36"},"modified":"2025-07-16T14:30:50","modified_gmt":"2025-07-16T21:30:50","slug":"gli-uffici","status":"publish","type":"page","link":"https:\/\/conslosangeles.esteri.it\/it\/chi-siamo\/gli-uffici\/","title":{"rendered":"Gli Uffici"},"content":{"rendered":"<p>12424 Wilshire Blvd. suite 1400<br \/>\nLos Angeles, CA, 90025<\/p>\n<p>Email\u00a0<a href=\"mailto:consolato.losangeles@esteri.it\">consolato.losangeles@esteri.it<\/a><br \/>\nPEC\u00a0<a href=\"mailto:con.losangeles@cert.esteri.it\">con.losangeles@cert.esteri.it<\/a><\/p>\n<p>Orari di apertura degli uffici al pubblico:<br \/>\nLuned\u00ec, marted\u00ec dalle 8.30 alle 12.00<br \/>\nMercoled\u00ec dalle 8.30 alle 12.30 e dalle 14.00 alle 15.30<br \/>\nGiovedi&#8217; dalle 8.30 alle 12.00<br \/>\nVenerdi&#8217; chiusi al pubblico<\/p>\n<p>Telefoni<br \/>\nInformazioni generali &#8211; centralino (lun-ven dalle ore 8.30 alle ore 15.00)<br \/>\nTel. (310) 820-0622<br \/>\nFax (310) 820-0727<\/p>\n<p>Numero di reperibilit\u00e0 d&#8217;emergenza<br \/>\nTel. +1 (310) 433-5422<br \/>\nFuori dell&#8217;orario di ufficio e solo per reali emergenze: incidenti, arresti, gravi problemi medici, etc. dalle 16.00 alle 22.00 orario California lun &#8211; ven, e dalle 08.00 alle 22.00 sab, dom, e festivi. (Le chiamate per pratiche consolari ordinarie, rinnovo passaporti, visti, cittadinanza etc. non potranno essere prese in considerazione).<br \/>\nTra le 22.00 e le 08.00 contattare il MAECI +39 06 36912666.<\/p>\n<p>I singoli uffici risponderanno dalle ore 12.00 alle ore 13.00 dal lunedi\u2019 al venerdi\u2019 (eccetto il mercoledi\u2019), <a href=\"https:\/\/conslosangeles.esteri.it\/it\/chi-siamo\/gli-uffici\/\">cliccare qui<\/a> per i numeri di telefono.<\/p>\n<p><strong>Ufficio cittadinanza<\/strong><br \/>\nEmail\u00a0<a href=\"mailto:losangeles.cittadinanza@esteri.it\">losangeles.cittadinanza@esteri.it<br \/>\n<\/a>Tel. (310) 820.0622 ex. 405<\/p>\n<p><strong>Ufficio notarile<\/strong><br \/>\nEmail\u00a0<a href=\"mailto:notarile.losangeles@esteri.it\">notarile.losangeles@esteri.it<br \/>\n<\/a>Tel. (310) 820.0622 ex. 406<\/p>\n<p><strong>Ufficio stato civile<\/strong><br \/>\nEmail\u00a0<a href=\"mailto:statocivile.losangeles@esteri.it\">statocivile.losangeles@esteri.it<br \/>\n<\/a>Tel. (310) 820.0622 ex. 407<\/p>\n<p><strong>Ufficio passaporti<\/strong><br \/>\nEmail\u00a0<a href=\"mailto:passaporti.losangeles@esteri.it\">passaporti.losangeles@esteri.it<br \/>\n<\/a>Tel. (310) 820.0622 ex. 408<\/p>\n<p><strong>Ufficio visti<\/strong><br \/>\nEmail\u00a0<a href=\"mailto:visti.losangeles@esteri.it\">visti.losangeles@esteri.it<br \/>\n<\/a>Tel. (310) 820.0622 ex. 409<\/p>\n<p><strong>Ufficio AIRE<\/strong><br \/>\nEmail\u00a0<a href=\"mailto:anagrafe.losangeles@esteri.it\">anagrafe.losangeles@esteri.it<\/a><br \/>\nTel. (310) 820.0622 ex. 410<\/p>\n<p>Contatti altri uffici:<\/p>\n<p><strong>Generale<\/strong><br \/>\n<a href=\"mailto:Consolato.losangeles@esteri.it\">Consolato.losangeles@esteri.it<\/a><\/p>\n<p><strong>Segreteria Console Generale<\/strong><br \/>\n<a href=\"mailto:Scg.la@esteri.it\">Scg.la@esteri.it<br \/>\n<\/a>Tel. (310) 826.3702<br \/>\n<a href=\"mailto:Scg.la@esteri.it\"><br \/>\n<\/a><strong>Ufficio Assistenza e Pensioni<\/strong><br \/>\nEmail\u00a0<a href=\"mailto:assistenza.losangeles@esteri.it\">assistenza.losangeles@esteri.it<br \/>\n<\/a>Tel. (310) 979.5281<\/p>\n<p><strong>Ufficio Amministrazione e Contabilit\u00e0<\/strong><br \/>\n<a href=\"mailto:amministrazione.losangeles@esteri.it\">amministrazione.losangeles@esteri.it<\/a><\/p>\n<p><strong>Ufficio commerciale<\/strong><br \/>\n<a href=\"mailto:commerciale.losangeles@esteri.it\">commerciale.losangeles@esteri.it<br \/>\n<\/a>Tel. (310)432.9734<\/p>\n<p><strong>Ufficio Dichiarazioni di Valore<\/strong><br \/>\n<a href=\"mailto:losangeles.studi@esteri.it\">losangeles.studi@esteri.it<\/a><\/p>\n","protected":false},"excerpt":{"rendered":"12424 Wilshire Blvd. suite 1400 Los Angeles, CA, 90025 Email\u00a0consolato.losangeles@esteri.it PEC\u00a0con.losangeles@cert.esteri.it Orari di apertura degli uffici al pubblico: Luned\u00ec, marted\u00ec dalle 8.30 alle 12.00 Mercoled\u00ec dalle 8.30 alle 12.30 e dalle 14.00 alle 15.30 Giovedi&#8217; dalle 8.30 alle 12.00 Venerdi&#8217; chiusi al pubblico Telefoni Informazioni generali &#8211; centralino (lun-ven dalle ore 8.30 alle ore 15.00) [&hellip;]","protected":false},"author":1,"featured_media":0,"parent":13,"menu_order":6,"comment_status":"closed","ping_status":"closed","template":"","meta":{"footnotes":""},"class_list":["post-36","page","type-page","status-publish","hentry"],"_links":{"self":[{"href":"https:\/\/conslosangeles.esteri.it\/it\/wp-json\/wp\/v2\/pages\/36","targetHints":{"allow":["GET"]}}],"collection":[{"href":"https:\/\/conslosangeles.esteri.it\/it\/wp-json\/wp\/v2\/pages"}],"about":[{"href":"https:\/\/conslosangeles.esteri.it\/it\/wp-json\/wp\/v2\/types\/page"}],"author":[{"embeddable":true,"href":"https:\/\/conslosangeles.esteri.it\/it\/wp-json\/wp\/v2\/users\/1"}],"replies":[{"embeddable":true,"href":"https:\/\/conslosangeles.esteri.it\/it\/wp-json\/wp\/v2\/comments?post=36"}],"version-history":[{"count":4,"href":"https:\/\/conslosangeles.esteri.it\/it\/wp-json\/wp\/v2\/pages\/36\/revisions"}],"predecessor-version":[{"id":8310,"href":"https:\/\/conslosangeles.esteri.it\/it\/wp-json\/wp\/v2\/pages\/36\/revisions\/8310"}],"up":[{"embeddable":true,"href":"https:\/\/conslosangeles.esteri.it\/it\/wp-json\/wp\/v2\/pages\/13"}],"wp:attachment":[{"href":"https:\/\/conslosangeles.esteri.it\/it\/wp-json\/wp\/v2\/media?parent=36"}],"curies":[{"name":"wp","href":"https:\/\/api.w.org\/{rel}","templated":true}]}}