{"id":351,"date":"2023-05-30T09:34:24","date_gmt":"2023-05-30T16:34:24","guid":{"rendered":"https:\/\/conslosangeles.esteri.it\/?page_id=351"},"modified":"2023-05-30T10:05:39","modified_gmt":"2023-05-30T17:05:39","slug":"sanitaria","status":"publish","type":"page","link":"https:\/\/conslosangeles.esteri.it\/it\/servizi-consolari-e-visti\/servizi-per-il-cittadino-italiano\/assistenza-ai-cittadini-allestero\/sanitaria\/","title":{"rendered":"Sanitaria"},"content":{"rendered":"<p>I cittadini italiani che trasferiscono la residenza in uno Stato con il quale non \u00e8 in vigore alcuna convenzione con l\u2019Italia perdono il diritto all\u2019assistenza sanitaria a carico del Servizio Sanitario Nazionale e dovranno quindi provvedere autonomamente, secondo le modalit\u00e0 previste dal Paese di destinazione.<\/p>\n<p>Assistenza sanitaria urgente per rientro temporaneo in Italia dei cittdaini residenti all&#8217;estero<\/p>\n<p>Importante snellimento delle procedure amministrative: per comprovare lo status di emigrato da oggi sara\u2019 sufficiente una semplice autocertificazione da presentare direttamente alla A.S.L. competente<\/p>\n<p>Il Decreto del Ministro della Salute 01.02.1996 in materia di cure\u00a0ospedaliere urgenti\u00a0prestate dal S.S.N. prevede all\u2019art. 2, comma 2, che ai cittadini italiani residenti all\u2019estero\u00a0titolari di pensione corrisposta da enti previdenziali italiani\u00a0o aventi\u00a0lo status di emigrato, siano erogate prestazioni sanitarie urgenti a titolo gratuito per un periodo massimo di\u00a090 giorni\u00a0nell\u2019anno solare, a condizione che gli stessi non beneficino di una copertura assicurativa privata o pubblica per dette prestazioni sanitarie.<\/p>\n<p>Il Ministero della Salute ha ora riconosciuto l\u2019autocertificabilit\u00e0 da parte dell\u2019interessato dei presupposti del diritto all\u2019assistenza sanitaria gratuita in casi di\u00a0emergenza\u00a0per i cittadini iscritti all\u2019Anagrafe degli Italiani Residenti all\u2019Estero (A.I.R.E.) che rientrino temporaneamente in Italia.\u00a0Non \u00e8 pertanto pi\u00fa necessario ottenere alcuna certificazione dal Consolato Generale. Sar\u00e0 infatti sufficiente presentare agli sportelli della A.S.L. competente una dichiarazione sostitutiva atto notorio (<a href=\"https:\/\/conslosangeles.esteri.it\/wp-content\/uploads\/2023\/05\/autocertificazione_assistenza_sanitaria-1.pdf\">modello autocertificazione<\/a>) resa ai sensi dell\u2019art. 46 del DPR 445\/2000.<\/p>\n<p>Per maggiori informazioni si rimanda al sito web del\u00a0<a href=\"http:\/\/www.salute.gov.it\/\">Ministero della Salute<\/a>, che ha la competenza in materia.<\/p>\n<p>&nbsp;<\/p>\n<p><strong>Cure presso centri di altissima specializzazione in USA per cittadini residenti in Italia<\/strong><\/p>\n<p>Le cure di altissima specializzazione all\u2019estero sono possibile previa autorizzazione del Servizio Sanitario Nazionale, in via eccezionale, per prestazioni che non siano ottenibili nel nostro Paese tempestivamente o in forma adeguata. Esse debbono essere preventivamente autorizzate dalla ASL di appartenenza.<\/p>\n<p>&nbsp;<\/p>\n<p>Per informazioni di carattere generale si rimanda al sito del\u00a0<a href=\"http:\/\/www.esteri.it\/MAE\/IT\/Italiani_nel_Mondo\/ServiziConsolari\">Ministero degli Affari Esteri<\/a><\/p>\n<p>&nbsp;<\/p>\n","protected":false},"excerpt":{"rendered":"I cittadini italiani che trasferiscono la residenza in uno Stato con il quale non \u00e8 in vigore alcuna convenzione con l\u2019Italia perdono il diritto all\u2019assistenza sanitaria a carico del Servizio Sanitario Nazionale e dovranno quindi provvedere autonomamente, secondo le modalit\u00e0 previste dal Paese di destinazione. Assistenza sanitaria urgente per rientro temporaneo in Italia dei cittdaini [&hellip;]","protected":false},"author":3,"featured_media":0,"parent":87,"menu_order":0,"comment_status":"closed","ping_status":"closed","template":"","meta":{"footnotes":""},"class_list":["post-351","page","type-page","status-publish","hentry"],"_links":{"self":[{"href":"https:\/\/conslosangeles.esteri.it\/it\/wp-json\/wp\/v2\/pages\/351","targetHints":{"allow":["GET"]}}],"collection":[{"href":"https:\/\/conslosangeles.esteri.it\/it\/wp-json\/wp\/v2\/pages"}],"about":[{"href":"https:\/\/conslosangeles.esteri.it\/it\/wp-json\/wp\/v2\/types\/page"}],"author":[{"embeddable":true,"href":"https:\/\/conslosangeles.esteri.it\/it\/wp-json\/wp\/v2\/users\/3"}],"replies":[{"embeddable":true,"href":"https:\/\/conslosangeles.esteri.it\/it\/wp-json\/wp\/v2\/comments?post=351"}],"version-history":[{"count":0,"href":"https:\/\/conslosangeles.esteri.it\/it\/wp-json\/wp\/v2\/pages\/351\/revisions"}],"up":[{"embeddable":true,"href":"https:\/\/conslosangeles.esteri.it\/it\/wp-json\/wp\/v2\/pages\/87"}],"wp:attachment":[{"href":"https:\/\/conslosangeles.esteri.it\/it\/wp-json\/wp\/v2\/media?parent=351"}],"curies":[{"name":"wp","href":"https:\/\/api.w.org\/{rel}","templated":true}]}}