{"id":35,"date":"2023-04-03T19:15:30","date_gmt":"2023-04-03T17:15:30","guid":{"rendered":"https:\/\/consolatozurigo.esteri.it\/?page_id=35"},"modified":"2023-08-30T11:43:13","modified_gmt":"2023-08-30T18:43:13","slug":"la-sede","status":"publish","type":"page","link":"https:\/\/conslosangeles.esteri.it\/it\/chi-siamo\/la-sede\/","title":{"rendered":"La Sede"},"content":{"rendered":"<p style=\"text-align: justify;\">Il primo ufficio di rappresentanza italiano a Los Angeles venne istituito nel 1901, quando Giacomo Scipione Castruccio fu nominato Agente Consolare. Giunto a Los Angeles da Chiavari, dove nacque nel 1851, Castruccio ricopr\u00ed la carica fino alla sua prematura scomparsa, avvenuta il 14 dicembre 1903. La citt\u00e0 contava allora solo circa 200.000 abitanti, ma si stava gi\u00e0 rapidamente espandendo verso ovest (Sunset Boulevard era stato quasi completato fino ad\u00a0 Hollywood). Vi risiedeva una florida comunit\u00e0 italiana (\u201cla Colonia\u201d) di circa 2.000 persone che si stava organizzando con associazioni, organizzazioni di mutuo soccorso, giornali in italiano.<\/p>\n<p>A succedere a Giacomo Castruccio nell\u2019incarico di Agente Consolare fino al 1908 fu Benedetto Castruccio. Un giornale dell\u2019epoca\u00a0(<strong><a href=\"https:\/\/conslosangeles.esteri.it\/resource\/2012\/03\/45969_f_cons57LosAngelesHerald1.pdf\">Los Angeles Herald<\/a><\/strong>) riporta il testo del telegramma da lui inviato nell\u2019ottobre del 1905 al re Vittorio Emanuele III per annunciargli l\u2019invio dei $1.500, pari a quasi $36.000 d\u2019oggi, raccolti dalla comunit\u00e0 italiana a favore dei sopravissuti al terremoto verificatosi un mese prima in Calabria con il pi\u00f9 alto valore strumentale della magnitudo (M locale 7,9, M superficie 7,47) fino ad allora registrato in Italia.<\/p>\n<p>Nel 1923 la rappresentanza a Los Angeles fu elevata al rango di Vice Consolato ed affidata ad Enrico Piana che ne rimase Reggente Provvisorio fino al 1925, quando fu sostituito dal giovane diplomatico Cesare Pier Alberto Buzzi Gradenigo, il primo Vice Console di carriera. Gli uffici del Vice Consolato si trovavano downtown, al 130 di South Broadway, vicino al Centro Civico ed al quartiere storico della comunit\u00e0 italiana. Gli fece seguito Alberto Mellini Ponce de Leon.<\/p>\n<p>Rolando Dalla Rosa Prati, marchese di Collecchio, fu nominato Vice Console nel 1932, l\u2019anno in cui si svolsero gli storici Giochi della X Olimpiade, quando l\u2019Italia conquist\u00f2 il secondo posto nel medagliere, dopo gli Stati Uniti. Per la prima volta gli atleti vennero ospitati in un villaggio appositamente costruito &#8211; a Baldwin Hills \u2013 e fu introdotto l\u2019uso di un\u00a0 podio con un gradino pi\u00f9 alto per il vincitore. Il ginnasta italiano Romeo Neri\u00a0 e\u00a0 l\u2019americana Helene Madison conquistarono ciascuno 3 medaglie d\u2019oro.<\/p>\n<p>Nel 1935 fu nominato Vice Console Ernesto Arrighi, cui segu\u00ec Alfredo Trinchieri che guid\u00f2 il Vice Consolato dagli uffici nel Pacific Mutual Building al 523 di West 6th Street. Due anni dopo, nel 1941, la rappresentanza a Los Angeles fu elevata al rango di Consolato ed affidata alla guida di Dino Semplicini. Dopo la fine della Seconda Guerra Mondiale, nel 1946 l\u2019Italia invi\u00f2 a Los Angeles Mario Profili in qualit\u00e0 di Vice Console, che oper\u00f2 dalla sede di 234 North Main Street, nel cuore di Little Italy.<\/p>\n<p>Nel 1951, sotto la guida di Mario Ungaro, l\u2019ufficio si trasfer\u00ec al 649 di South Olive Street, sempre nelle vicinanze del Centro Civico, dove rimase fino al 1972. Il palazzo, noto inizialmente come \u201cTransamerica Building\u201d fu pi\u00f9 tardi ribatezzato \u201cP. Giannini Building\u201d in onore dell\u2019italo-americano fondatore sia della Bank of Italy (poi Bank of America), sia della Transamerica Corporation che, nel 1930, aveva acquisito la compagnia di assicurazioni Occidental Life Insurance, oltre a detenere il controllo della stessa Bank of America. Nel 1953 l\u2019ufficio fu nuovamente elevato al rango di Consolato.<\/p>\n<p>Nel 1954 fu nominato Console Massimo Casilli d\u2019Aragona, nel 1958 Mario Tedeschi e nel 1962 Tito Da Prato. Fu durante gli anni \u201860 (1966) che l\u2019ufficio fu nuovamente elevato di grado assumendo lo status e la denominazione attuale di Consolato Generale d\u2019Italia.<\/p>\n<p>Il primo Console Generale fu Alvaro Vito Beltrami. A lui hanno fatto seguito Giorgio Carega, Vittorio A. Farinelli, Amedeo Cerchione, Giovanni Vincenti Mareri, Alberto Boniver, Gabriella Meneghello Battistello, Folco De Luca, Massimo Roscigno, Diego Brasioli, Nicola Faganello, Giuseppe Perrone, Antonio Verde fino all\u2019attuale Console Generale Silvia Chiave.<\/p>\n<p>Dopo 21 anni nella sede di Olive Street, nel 1972 il Consolato Generale, in risposta anche alle mutate condizioni di sicurezza della zona centrale della citt\u00e0, all\u2019epoca in una sfortunata fase di degrado, si trasfer\u00ec nel \u201cWestside\u201d, al 10960 di Wilshire Boulevard, in Westwood. Nel 1982 gli uffici furono spostati al civico 11661 di San Vicente Blvd. in Brentwood. \u00c9 poi nel 1992, al 12400 Wilshire Blvd., sempre in Brentwood dove il Consolato Generale \u00e8 rimasto fino al 2012. Nel 2012, il Consolato Generale si \u00e8 infine trasferito nel quartiere finanziario e commerciale di Century City al 1900 Avenue of the Stars.<\/p>\n<p>L\u2019Istituto Italiano di Cultura ha aperto le sue porte a Los Angeles nel 1985, inizialmente presso la sede del Consolato Generale. Nel 1995 \u00e8 stata inaugurata la prestigiosa sede su Hilgard Avenue, completa di un auditorium con 100 posti, una galleria espositiva e spazi per concerti, lezioni di italiano ed altri eventi. Si tratta di un importante esempio di architettura modernista a Los Angeles, disegnato da Robert Alexander, partner del grande architetto Richard Neutra. Nel Settembre 2023 il Consolato si e&#8217; trasferito a 12424 Wilshire Blvd, suite 1400, Los Angeles, CA 90025<\/p>\n","protected":false},"excerpt":{"rendered":"Il primo ufficio di rappresentanza italiano a Los Angeles venne istituito nel 1901, quando Giacomo Scipione Castruccio fu nominato Agente Consolare. Giunto a Los Angeles da Chiavari, dove nacque nel 1851, Castruccio ricopr\u00ed la carica fino alla sua prematura scomparsa, avvenuta il 14 dicembre 1903. La citt\u00e0 contava allora solo circa 200.000 abitanti, ma si [&hellip;]","protected":false},"author":1,"featured_media":0,"parent":13,"menu_order":2,"comment_status":"closed","ping_status":"closed","template":"","meta":{"footnotes":""},"class_list":["post-35","page","type-page","status-publish","hentry"],"_links":{"self":[{"href":"https:\/\/conslosangeles.esteri.it\/it\/wp-json\/wp\/v2\/pages\/35","targetHints":{"allow":["GET"]}}],"collection":[{"href":"https:\/\/conslosangeles.esteri.it\/it\/wp-json\/wp\/v2\/pages"}],"about":[{"href":"https:\/\/conslosangeles.esteri.it\/it\/wp-json\/wp\/v2\/types\/page"}],"author":[{"embeddable":true,"href":"https:\/\/conslosangeles.esteri.it\/it\/wp-json\/wp\/v2\/users\/1"}],"replies":[{"embeddable":true,"href":"https:\/\/conslosangeles.esteri.it\/it\/wp-json\/wp\/v2\/comments?post=35"}],"version-history":[{"count":1,"href":"https:\/\/conslosangeles.esteri.it\/it\/wp-json\/wp\/v2\/pages\/35\/revisions"}],"predecessor-version":[{"id":4381,"href":"https:\/\/conslosangeles.esteri.it\/it\/wp-json\/wp\/v2\/pages\/35\/revisions\/4381"}],"up":[{"embeddable":true,"href":"https:\/\/conslosangeles.esteri.it\/it\/wp-json\/wp\/v2\/pages\/13"}],"wp:attachment":[{"href":"https:\/\/conslosangeles.esteri.it\/it\/wp-json\/wp\/v2\/media?parent=35"}],"curies":[{"name":"wp","href":"https:\/\/api.w.org\/{rel}","templated":true}]}}